{"id":1200,"date":"2021-11-10T17:30:47","date_gmt":"2021-11-10T16:30:47","guid":{"rendered":"https:\/\/av-abogados.es\/wie-zijn-wij\/"},"modified":"2023-01-31T18:48:01","modified_gmt":"2023-01-31T17:48:01","slug":"wie-zijn-wij","status":"publish","type":"page","link":"https:\/\/av-abogados.es\/nl\/wie-zijn-wij\/","title":{"rendered":"WIE ZIJN WIJ"},"content":{"rendered":"<p>[vc_row css_animation=&#8221;&#8221; row_type=&#8221;row&#8221; use_row_as_full_screen_section=&#8221;no&#8221; type=&#8221;full_width&#8221; angled_section=&#8221;no&#8221; text_align=&#8221;center&#8221; background_image_as_pattern=&#8221;without_pattern&#8221; css=&#8221;.vc_custom_1675187279728{margin-bottom: 100px !important;padding-top: 150px !important;padding-right: 200px !important;padding-bottom: 150px !important;padding-left: 200px !important;background-color: #fa9638 !important;background-position: center !important;background-repeat: no-repeat !important;background-size: cover !important;}&#8221; z_index=&#8221;&#8221;][vc_column][vc_column_text]<\/p>\n<div class=\"wpb_text_column wpb_content_element \">\n<div class=\"wpb_wrapper\">\n<h2 style=\"text-align: center;\">HOOGGEKWALIFICEERDE PROFESSIONALS<\/h2>\n<\/div>\n<\/div>\n<div class=\"wpb_text_column wpb_content_element \">\n<div class=\"wpb_wrapper\"><\/div>\n<\/div>\n<p>[\/vc_column_text][vc_column_text]<\/p>\n<div class=\"wpb_text_column wpb_content_element \">\n<div class=\"wpb_wrapper\">\n<h3 style=\"text-align: center;\">We onderscheiden ons en we worden gewaardeerd door de transparantie en kwaliteit van onze dienstverlening die we onze cli\u00ebnten bieden.<\/h3>\n<\/div>\n<\/div>\n<div class=\"vc_row wpb_row section vc_row-fluid vc_inner vc_custom_1551376481543 grid_section\">\n<div class=\" section_inner clearfix\">\n<div class=\"section_inner_margin clearfix\"><\/div>\n<\/div>\n<\/div>\n<p>[\/vc_column_text][\/vc_column][\/vc_row][vc_row css_animation=&#8221;&#8221; row_type=&#8221;row&#8221; use_row_as_full_screen_section=&#8221;no&#8221; type=&#8221;grid&#8221; angled_section=&#8221;no&#8221; text_align=&#8221;left&#8221; background_image_as_pattern=&#8221;without_pattern&#8221; z_index=&#8221;&#8221; css=&#8221;.vc_custom_1560379460040{padding-bottom: 25px !important;}&#8221;][vc_column offset=&#8221;vc_hidden-lg vc_hidden-md vc_hidden-sm&#8221;][vc_single_image image=&#8221;800&#8243; img_size=&#8221;full&#8221; alignment=&#8221;center&#8221; qode_css_animation=&#8221;&#8221;][\/vc_column][\/vc_row][vc_row css_animation=&#8221;&#8221; row_type=&#8221;row&#8221; use_row_as_full_screen_section=&#8221;no&#8221; type=&#8221;grid&#8221; angled_section=&#8221;no&#8221; text_align=&#8221;left&#8221; background_image_as_pattern=&#8221;without_pattern&#8221; z_index=&#8221;&#8221;][vc_column width=&#8221;1\/2&#8243;][vc_column_text]<\/p>\n<p style=\"text-align: justify;\">De firma beschikt over een groep hooggekwalificeerde professionals met uitgebreide werkervaring en die voortdurend worden bijgeschoold. We zijn overtuigd van de noodzaak van de integratie van diensten. Onze firma is het resultaat van de vereniging van professionals met ruime ervaring in het uitoefenen van hun werkzaamheden. Een van de belangrijkste voordelen voor wie advies vraagt aan\u202fAV AboGados is dat de cli\u00ebnt gebruik kan maken van een dienstverlening en een team van professionals die allemaal uiterst gespecialiseerd zijn in hun eigen werkgebied.<\/p>\n<p>&nbsp;<\/p>\n<p style=\"text-align: justify;\">De\u202fervaring\u202fvan onze advocaten en onze\u202fgrondige kennis van de sectoren en activiteiten\u202fvan onze cli\u00ebnten stellen ons in staat een enorme toegevoegde waarde te verlenen op alle gebieden van het ondernemingsrecht. Hierin zoeken wij de meest innovatieve technische oplossingen voor de meest complexe juridische problemen.<\/p>\n<p>&nbsp;<\/p>\n<p style=\"text-align: justify;\"><strong>AV AboGados<\/strong>\u00a0heeft ook samenwerkingsovereenkomsten met de meest prestigieuze en toonaangevende bedrijven van het Verenigd Koninkrijk(<a href=\"http:\/\/www.manleys-law.com\/\">Manleys Solicitors<\/a>).<\/p>\n<p>[\/vc_column_text][\/vc_column][vc_column width=&#8221;1\/2&#8243; offset=&#8221;vc_hidden-xs&#8221;][vc_single_image image=&#8221;800&#8243; img_size=&#8221;full&#8221; alignment=&#8221;center&#8221; qode_css_animation=&#8221;&#8221;][\/vc_column][\/vc_row][vc_row css_animation=&#8221;&#8221; row_type=&#8221;row&#8221; use_row_as_full_screen_section=&#8221;no&#8221; type=&#8221;full_width&#8221; angled_section=&#8221;no&#8221; text_align=&#8221;left&#8221; background_image_as_pattern=&#8221;without_pattern&#8221;][vc_column][vc_empty_space height=&#8221;50&#8243;][\/vc_column][\/vc_row][vc_row css_animation=&#8221;&#8221; row_type=&#8221;row&#8221; use_row_as_full_screen_section=&#8221;no&#8221; type=&#8221;full_width&#8221; angled_section=&#8221;no&#8221; text_align=&#8221;left&#8221; background_image_as_pattern=&#8221;without_pattern&#8221;][vc_column]<div class=\"call_to_action normal\" style=\"background-color: #ec7600;\"><div class=\"container_inner\"><div class=\"two_columns_75_25 clearfix\"><div class=\"text_wrapper column1\"><div class=\"call_to_action_text \" style=\"\">\n<h3><span style=\"color: #ffffff;\">AV AboGados\u202fheeft ook samenwerkingsovereenkomsten met de meest prestigieuze en toonaangevende bedrijven van het Verenigd Koninkrijk (Manleys Solicitors). <\/span><\/h3>\n<\/div><\/div><div class=\"button_wrapper column2\"><a itemprop=\"url\" href=\"http:\/\/av-abogados.es\/contactar\/\" class=\"qbutton white \" target=\"\" style=\"color: #ffffff;border-color: #1a1a1a;background-color: #1a1a1a;\"data-hover-background-color=#ffffff data-hover-border-color=#ffffff data-hover-color=#1a1a1a>Advies inwinnen<\/a><\/div><\/div><\/div><\/div>[\/vc_column][\/vc_row][vc_row css_animation=&#8221;&#8221; row_type=&#8221;row&#8221; use_row_as_full_screen_section=&#8221;no&#8221; type=&#8221;full_width&#8221; angled_section=&#8221;no&#8221; text_align=&#8221;left&#8221; background_image_as_pattern=&#8221;without_pattern&#8221;][vc_column][vc_empty_space height=&#8221;50&#8243;][\/vc_column][\/vc_row][vc_row css_animation=&#8221;&#8221; row_type=&#8221;row&#8221; use_row_as_full_screen_section=&#8221;no&#8221; type=&#8221;grid&#8221; angled_section=&#8221;no&#8221; text_align=&#8221;left&#8221; background_image_as_pattern=&#8221;without_pattern&#8221; z_index=&#8221;&#8221;][vc_column width=&#8221;1\/2&#8243;][vc_single_image image=&#8221;693&#8243; img_size=&#8221;full&#8221; qode_css_animation=&#8221;&#8221;][\/vc_column][vc_column width=&#8221;1\/2&#8243;][vc_column_text]<\/p>\n<h4><strong>ETIENNE BAUDOUIN ALCOJOR<\/strong><\/h4>\n<p><strong><span style=\"color: #ec7600;\"><em>Stichtend partner <\/em><\/span><\/strong>[\/vc_column_text][vc_column_text css=&#8221;.vc_custom_1560378883335{padding-top: 25px !important;}&#8221;]<a href=\"mailto:etienne@av-abogados.es\">etienne@av-abogados.es<\/a><br \/>\n+0034 952859424<\/p>\n<p><img loading=\"lazy\" class=\"alignnone wp-image-613 \" src=\"http:\/\/av-abogados.es\/wp-content\/uploads\/2019\/02\/espanol-150x150.png\" alt=\"\" width=\"30\" height=\"30\" \/> <img loading=\"lazy\" class=\"alignnone wp-image-614\" src=\"http:\/\/av-abogados.es\/wp-content\/uploads\/2019\/02\/ingles-300x300.png\" alt=\"\" width=\"30\" height=\"30\" srcset=\"https:\/\/av-abogados.es\/wp-content\/uploads\/2019\/02\/ingles-300x300.png 300w, https:\/\/av-abogados.es\/wp-content\/uploads\/2019\/02\/ingles-150x150.png 150w, https:\/\/av-abogados.es\/wp-content\/uploads\/2019\/02\/ingles-500x512.png 500w, https:\/\/av-abogados.es\/wp-content\/uploads\/2019\/02\/ingles.png 512w\" sizes=\"(max-width: 30px) 100vw, 30px\" \/> <img loading=\"lazy\" class=\"alignnone wp-image-612\" src=\"http:\/\/av-abogados.es\/wp-content\/uploads\/2019\/02\/frances-300x300.png\" alt=\"\" width=\"30\" height=\"30\" srcset=\"https:\/\/av-abogados.es\/wp-content\/uploads\/2019\/02\/frances-300x300.png 300w, https:\/\/av-abogados.es\/wp-content\/uploads\/2019\/02\/frances-150x150.png 150w, https:\/\/av-abogados.es\/wp-content\/uploads\/2019\/02\/frances-500x512.png 500w, https:\/\/av-abogados.es\/wp-content\/uploads\/2019\/02\/frances.png 512w\" sizes=\"(max-width: 30px) 100vw, 30px\" \/>[\/vc_column_text][vc_column_text css=&#8221;.vc_custom_1561568958481{padding-top: 20px !important;}&#8221;]Dhr. Etienne Baudouin Alcojor is sinds 2004 stichtend partner van de firma AV AboGados. Hij oefent zijn professionele activiteiten sinds 2000 in het buitenland maar ook in Spanje uit, met speciale nadruk op de Costa del Sol en de Costa Blanca.<\/p>\n<p>&nbsp;<\/p>\n<p>Su pr\u00e1ctica est\u00e1 centrada en Derecho inmobiliario, urbanismo y derecho de extranjer\u00eda, dentro de la cual ostenta una dilatada experiencia y reconocimiento profesional.[\/vc_column_text][\/vc_column][\/vc_row][vc_row css_animation=&#8221;&#8221; row_type=&#8221;row&#8221; use_row_as_full_screen_section=&#8221;no&#8221; type=&#8221;grid&#8221; angled_section=&#8221;no&#8221; text_align=&#8221;left&#8221; background_image_as_pattern=&#8221;without_pattern&#8221; z_index=&#8221;&#8221; css=&#8221;.vc_custom_1559843270739{padding-bottom: 50px !important;}&#8221;][vc_column width=&#8221;1\/2&#8243; offset=&#8221;vc_hidden-xs&#8221;][vc_column_text css=&#8221;.vc_custom_1559843115965{padding-top: 20px !important;}&#8221;]Zijn beroepsuitoefening concentreert zich op het vastgoedrecht, stedenbouwkundig- en immigratierecht, waarin hij een uitgebreide ervaring en professionele erkenning heeft opgebouwd.<\/p>\n<p>Voornaamste aandachtsgebieden:\u202fVastgoedrecht, stedenbouwkundig recht, immigratierecht, handelsrecht, burgerlijk recht, familierecht, procesrecht op alle vlakken, bestuursrecht, faillissementsrecht, strafrecht, arbeidsrecht, arbitrage en bemiddeling, verkeer en vervoer, verzekeringsrecht en bankrecht.[\/vc_column_text][\/vc_column][vc_column width=&#8221;1\/2&#8243; offset=&#8221;vc_hidden-xs&#8221;][vc_column_text css=&#8221;.vc_custom_1559843129041{padding-top: 20px !important;}&#8221;]Beroepsverenigingen:\u202fOrde van advocaten van Malaga<\/p>\n<p>Opleiding:\u202fDiploma in de rechten, Complutense Universiteit Madrid, 2000[\/vc_column_text][\/vc_column][\/vc_row][vc_row css_animation=&#8221;&#8221; row_type=&#8221;row&#8221; use_row_as_full_screen_section=&#8221;no&#8221; type=&#8221;grid&#8221; angled_section=&#8221;no&#8221; text_align=&#8221;left&#8221; background_image_as_pattern=&#8221;without_pattern&#8221; z_index=&#8221;&#8221;][vc_column width=&#8221;1\/2&#8243;][vc_single_image image=&#8221;696&#8243; img_size=&#8221;full&#8221; alignment=&#8221;center&#8221; qode_css_animation=&#8221;&#8221;][\/vc_column][vc_column width=&#8221;1\/2&#8243;][vc_column_text]<\/p>\n<h4 style=\"text-align: left;\"><strong>Sergio Villar Ramos<\/strong><\/h4>\n<p style=\"text-align: left;\"><span style=\"color: #ec7600;\"><em><strong>Stichtend partner <\/strong><\/em><\/span><\/p>\n<p>[\/vc_column_text][vc_column_text css=&#8221;.vc_custom_1560379162094{padding-top: 25px !important;}&#8221;]<\/p>\n<p style=\"text-align: left;\"><a href=\"mailto:svr@av-abogados.es\">svr@av-abogados.es<\/a><br \/>\n+0034 952859424<\/p>\n<p><img loading=\"lazy\" class=\"alignnone wp-image-613 \" src=\"http:\/\/av-abogados.es\/wp-content\/uploads\/2019\/02\/espanol-150x150.png\" alt=\"\" width=\"30\" height=\"30\" \/> <img loading=\"lazy\" class=\"alignnone wp-image-614\" src=\"http:\/\/av-abogados.es\/wp-content\/uploads\/2019\/02\/ingles-300x300.png\" alt=\"\" width=\"30\" height=\"30\" srcset=\"https:\/\/av-abogados.es\/wp-content\/uploads\/2019\/02\/ingles-300x300.png 300w, https:\/\/av-abogados.es\/wp-content\/uploads\/2019\/02\/ingles-150x150.png 150w, https:\/\/av-abogados.es\/wp-content\/uploads\/2019\/02\/ingles-500x512.png 500w, https:\/\/av-abogados.es\/wp-content\/uploads\/2019\/02\/ingles.png 512w\" sizes=\"(max-width: 30px) 100vw, 30px\" \/> <img loading=\"lazy\" class=\"alignnone wp-image-612\" src=\"http:\/\/av-abogados.es\/wp-content\/uploads\/2019\/02\/frances-300x300.png\" alt=\"\" width=\"30\" height=\"30\" srcset=\"https:\/\/av-abogados.es\/wp-content\/uploads\/2019\/02\/frances-300x300.png 300w, https:\/\/av-abogados.es\/wp-content\/uploads\/2019\/02\/frances-150x150.png 150w, https:\/\/av-abogados.es\/wp-content\/uploads\/2019\/02\/frances-500x512.png 500w, https:\/\/av-abogados.es\/wp-content\/uploads\/2019\/02\/frances.png 512w\" sizes=\"(max-width: 30px) 100vw, 30px\" \/>[\/vc_column_text][vc_column_text css=&#8221;.vc_custom_1561568967741{padding-top: 20px !important;}&#8221;]Dhr. Sergio Villar Ramos is sinds 2004 stichtend partner van de firma AV AboGados. Sinds 2000 is hij werkzaam als advocaat in heel Spanje, met speciale nadruk op de Costa del Sol en de Costa Blanca.<\/p>\n<p>[\/vc_column_text][\/vc_column][\/vc_row][vc_row css_animation=&#8221;&#8221; row_type=&#8221;row&#8221; use_row_as_full_screen_section=&#8221;no&#8221; type=&#8221;grid&#8221; angled_section=&#8221;no&#8221; text_align=&#8221;left&#8221; background_image_as_pattern=&#8221;without_pattern&#8221; z_index=&#8221;&#8221; css=&#8221;.vc_custom_1560456187947{padding-top: 25px !important;padding-bottom: 25px !important;}&#8221;][vc_column offset=&#8221;vc_hidden-xs&#8221;][vc_column_text]Zijn beroepsuitoefening is toegespitst op het procesrecht, arbitrage en bemiddeling op alle gebieden, burgerlijk recht, stedenbouwkundig recht, handels- en insolventierecht, bestuursrecht en arbeidsrecht, waarbinnen hij over een ruime ervaring en professionele erkenning beschikt.<\/p>\n<p>Voornaamste aandachtsgebieden:\u202fVastgoedrecht, stedenbouwkundig recht, vreemdelingenrecht, handelsrecht, burgerlijk recht, familierecht, procesrecht op alle vlakken, bestuursrecht, faillissementsrecht, strafrecht, arbeidsrecht, arbitrage en bemiddeling, verkeersrecht, verzekeringsrecht en bankrecht.[\/vc_column_text][\/vc_column][\/vc_row][vc_row css_animation=&#8221;&#8221; row_type=&#8221;row&#8221; use_row_as_full_screen_section=&#8221;no&#8221; type=&#8221;grid&#8221; angled_section=&#8221;no&#8221; text_align=&#8221;left&#8221; background_image_as_pattern=&#8221;without_pattern&#8221; z_index=&#8221;&#8221; css=&#8221;.vc_custom_1559843455495{padding-bottom: 50px !important;}&#8221;][vc_column width=&#8221;1\/2&#8243;][vc_column_text css=&#8221;.vc_custom_1559843707908{padding-top: 20px !important;}&#8221;]Beroepsverenigingen:\u202fOrde van advocaten van Malaga<\/p>\n<p>Opleiding<br \/>\no Diploma in de rechten, Universiteit van Granada, 2000.<br \/>\no II Universitair expert in stedenbouwkundig recht en beheer van bouw- en vastgoedbedrijven, gedoceerd aan de Universiteit van Malaga.<br \/>\no Postgraduaat Diploma in insolventierecht, afgegeven door de Europese Universiteit van Madrid en erkend door de IEDE Business School.<br \/>\no Praktische opleiding insolventierecht, met als specialisatie insolventierecht, goedgekeurd door de CEU-universiteit van San Pablo in Madrid.<br \/>\no Gespecialiseerde opleiding arbeidsinsolventierecht.[\/vc_column_text][\/vc_column][vc_column width=&#8221;1\/2&#8243;][vc_column_text css=&#8221;.vc_custom_1559843700341{padding-top: 20px !important;}&#8221;]o Gespecialiseerde opleiding bemiddeling.Uitoefening van de activiteit burgerlijke en handelsbemiddeling van de Algemene Raad van Spaanse Juristen.<\/p>\n<p>o Postdoctoraal universitair expert in faillissementsrecht. Internationale Universiteit van Andalusi\u00eb.<br \/>\no Postdoctoraal universitaire deskundige in vennootschapsrecht. Internationale Universiteit van Andalusi\u00eb.<br \/>\no Specialist in bevoorrechte participaties en hypothecaire leningen: Consumentenbescherming.<br \/>\no Etc.[\/vc_column_text][\/vc_column][\/vc_row]<\/p>\n","protected":false},"excerpt":{"rendered":"<p>[vc_row css_animation=&#8221;&#8221; row_type=&#8221;row&#8221; use_row_as_full_screen_section=&#8221;no&#8221; type=&#8221;full_width&#8221; angled_section=&#8221;no&#8221; text_align=&#8221;center&#8221; background_image_as_pattern=&#8221;without_pattern&#8221; css=&#8221;.vc_custom_1675187279728{margin-bottom: 100px !important;padding-top: 150px !important;padding-right: 200px !important;padding-bottom: 150px !important;padding-left: 200px !important;background-color: #fa9638 !important;background-position: center !important;background-repeat: no-repeat !important;background-size: cover !important;}&#8221; z_index=&#8221;&#8221;][vc_column][vc_column_text] HOOGGEKWALIFICEERDE PROFESSIONALS [\/vc_column_text][vc_column_text] We onderscheiden ons en we worden gewaardeerd door de transparantie en kwaliteit van onze&#8230;<\/p>\n","protected":false},"author":1,"featured_media":0,"parent":0,"menu_order":0,"comment_status":"closed","ping_status":"closed","template":"full_width.php","meta":[],"yoast_head":"<!-- This site is optimized with the Yoast SEO plugin v19.1 - https:\/\/yoast.com\/wordpress\/plugins\/seo\/ -->\n<title>WIE ZIJN WIJ - AV Abogados<\/title>\n<meta name=\"description\" content=\"AV AboGados cuenta con un grupo de profesionales altamente cualificados y con una gran experiencia profesional y recibiendo una continua formaci\u00f3n.\" \/>\n<meta name=\"robots\" content=\"index, follow, max-snippet:-1, max-image-preview:large, max-video-preview:-1\" \/>\n<link rel=\"canonical\" href=\"https:\/\/av-abogados.es\/nl\/wie-zijn-wij\/\" \/>\n<meta property=\"og:locale\" content=\"nl_NL\" \/>\n<meta property=\"og:type\" content=\"article\" \/>\n<meta property=\"og:title\" content=\"WIE ZIJN WIJ - AV Abogados\" \/>\n<meta property=\"og:description\" content=\"AV AboGados cuenta con un grupo de profesionales altamente cualificados y con una gran experiencia profesional y recibiendo una continua formaci\u00f3n.\" \/>\n<meta property=\"og:url\" content=\"https:\/\/av-abogados.es\/nl\/wie-zijn-wij\/\" \/>\n<meta property=\"og:site_name\" content=\"AV Abogados\" \/>\n<meta property=\"article:modified_time\" content=\"2023-01-31T17:48:01+00:00\" \/>\n<meta property=\"og:image\" content=\"http:\/\/av-abogados.es\/wp-content\/uploads\/2019\/02\/espanol-150x150.png\" \/>\n<meta name=\"twitter:card\" content=\"summary_large_image\" \/>\n<meta name=\"twitter:label1\" content=\"Geschatte leestijd\" \/>\n\t<meta name=\"twitter:data1\" content=\"5 minuten\" \/>\n<script type=\"application\/ld+json\" class=\"yoast-schema-graph\">{\"@context\":\"https:\/\/schema.org\",\"@graph\":[{\"@type\":\"WebSite\",\"@id\":\"https:\/\/av-abogados.es\/#website\",\"url\":\"https:\/\/av-abogados.es\/\",\"name\":\"AV Abogados\",\"description\":\"Abogados y asesores tributarios en Marbella\",\"potentialAction\":[{\"@type\":\"SearchAction\",\"target\":{\"@type\":\"EntryPoint\",\"urlTemplate\":\"https:\/\/av-abogados.es\/?s={search_term_string}\"},\"query-input\":\"required name=search_term_string\"}],\"inLanguage\":\"nl\"},{\"@type\":\"ImageObject\",\"inLanguage\":\"nl\",\"@id\":\"https:\/\/av-abogados.es\/nl\/wie-zijn-wij\/#primaryimage\",\"url\":\"http:\/\/av-abogados.es\/wp-content\/uploads\/2019\/02\/espanol-150x150.png\",\"contentUrl\":\"http:\/\/av-abogados.es\/wp-content\/uploads\/2019\/02\/espanol-150x150.png\"},{\"@type\":\"WebPage\",\"@id\":\"https:\/\/av-abogados.es\/nl\/wie-zijn-wij\/#webpage\",\"url\":\"https:\/\/av-abogados.es\/nl\/wie-zijn-wij\/\",\"name\":\"WIE ZIJN WIJ - AV Abogados\",\"isPartOf\":{\"@id\":\"https:\/\/av-abogados.es\/#website\"},\"primaryImageOfPage\":{\"@id\":\"https:\/\/av-abogados.es\/nl\/wie-zijn-wij\/#primaryimage\"},\"datePublished\":\"2021-11-10T16:30:47+00:00\",\"dateModified\":\"2023-01-31T17:48:01+00:00\",\"description\":\"AV AboGados cuenta con un grupo de profesionales altamente cualificados y con una gran experiencia profesional y recibiendo una continua formaci\u00f3n.\",\"breadcrumb\":{\"@id\":\"https:\/\/av-abogados.es\/nl\/wie-zijn-wij\/#breadcrumb\"},\"inLanguage\":\"nl\",\"potentialAction\":[{\"@type\":\"ReadAction\",\"target\":[\"https:\/\/av-abogados.es\/nl\/wie-zijn-wij\/\"]}]},{\"@type\":\"BreadcrumbList\",\"@id\":\"https:\/\/av-abogados.es\/nl\/wie-zijn-wij\/#breadcrumb\",\"itemListElement\":[{\"@type\":\"ListItem\",\"position\":1,\"name\":\"Portada\",\"item\":\"https:\/\/av-abogados.es\/nl\/\"},{\"@type\":\"ListItem\",\"position\":2,\"name\":\"WIE ZIJN WIJ\"}]}]}<\/script>\n<!-- \/ Yoast SEO plugin. -->","yoast_head_json":{"title":"WIE ZIJN WIJ - AV Abogados","description":"AV AboGados cuenta con un grupo de profesionales altamente cualificados y con una gran experiencia profesional y recibiendo una continua formaci\u00f3n.","robots":{"index":"index","follow":"follow","max-snippet":"max-snippet:-1","max-image-preview":"max-image-preview:large","max-video-preview":"max-video-preview:-1"},"canonical":"https:\/\/av-abogados.es\/nl\/wie-zijn-wij\/","og_locale":"nl_NL","og_type":"article","og_title":"WIE ZIJN WIJ - AV Abogados","og_description":"AV AboGados cuenta con un grupo de profesionales altamente cualificados y con una gran experiencia profesional y recibiendo una continua formaci\u00f3n.","og_url":"https:\/\/av-abogados.es\/nl\/wie-zijn-wij\/","og_site_name":"AV Abogados","article_modified_time":"2023-01-31T17:48:01+00:00","og_image":[{"url":"http:\/\/av-abogados.es\/wp-content\/uploads\/2019\/02\/espanol-150x150.png"}],"twitter_card":"summary_large_image","twitter_misc":{"Geschatte leestijd":"5 minuten"},"schema":{"@context":"https:\/\/schema.org","@graph":[{"@type":"WebSite","@id":"https:\/\/av-abogados.es\/#website","url":"https:\/\/av-abogados.es\/","name":"AV Abogados","description":"Abogados y asesores tributarios en Marbella","potentialAction":[{"@type":"SearchAction","target":{"@type":"EntryPoint","urlTemplate":"https:\/\/av-abogados.es\/?s={search_term_string}"},"query-input":"required name=search_term_string"}],"inLanguage":"nl"},{"@type":"ImageObject","inLanguage":"nl","@id":"https:\/\/av-abogados.es\/nl\/wie-zijn-wij\/#primaryimage","url":"http:\/\/av-abogados.es\/wp-content\/uploads\/2019\/02\/espanol-150x150.png","contentUrl":"http:\/\/av-abogados.es\/wp-content\/uploads\/2019\/02\/espanol-150x150.png"},{"@type":"WebPage","@id":"https:\/\/av-abogados.es\/nl\/wie-zijn-wij\/#webpage","url":"https:\/\/av-abogados.es\/nl\/wie-zijn-wij\/","name":"WIE ZIJN WIJ - AV Abogados","isPartOf":{"@id":"https:\/\/av-abogados.es\/#website"},"primaryImageOfPage":{"@id":"https:\/\/av-abogados.es\/nl\/wie-zijn-wij\/#primaryimage"},"datePublished":"2021-11-10T16:30:47+00:00","dateModified":"2023-01-31T17:48:01+00:00","description":"AV AboGados cuenta con un grupo de profesionales altamente cualificados y con una gran experiencia profesional y recibiendo una continua formaci\u00f3n.","breadcrumb":{"@id":"https:\/\/av-abogados.es\/nl\/wie-zijn-wij\/#breadcrumb"},"inLanguage":"nl","potentialAction":[{"@type":"ReadAction","target":["https:\/\/av-abogados.es\/nl\/wie-zijn-wij\/"]}]},{"@type":"BreadcrumbList","@id":"https:\/\/av-abogados.es\/nl\/wie-zijn-wij\/#breadcrumb","itemListElement":[{"@type":"ListItem","position":1,"name":"Portada","item":"https:\/\/av-abogados.es\/nl\/"},{"@type":"ListItem","position":2,"name":"WIE ZIJN WIJ"}]}]}},"_links":{"self":[{"href":"https:\/\/av-abogados.es\/nl\/wp-json\/wp\/v2\/pages\/1200"}],"collection":[{"href":"https:\/\/av-abogados.es\/nl\/wp-json\/wp\/v2\/pages"}],"about":[{"href":"https:\/\/av-abogados.es\/nl\/wp-json\/wp\/v2\/types\/page"}],"author":[{"embeddable":true,"href":"https:\/\/av-abogados.es\/nl\/wp-json\/wp\/v2\/users\/1"}],"replies":[{"embeddable":true,"href":"https:\/\/av-abogados.es\/nl\/wp-json\/wp\/v2\/comments?post=1200"}],"version-history":[{"count":3,"href":"https:\/\/av-abogados.es\/nl\/wp-json\/wp\/v2\/pages\/1200\/revisions"}],"predecessor-version":[{"id":1274,"href":"https:\/\/av-abogados.es\/nl\/wp-json\/wp\/v2\/pages\/1200\/revisions\/1274"}],"wp:attachment":[{"href":"https:\/\/av-abogados.es\/nl\/wp-json\/wp\/v2\/media?parent=1200"}],"curies":[{"name":"wp","href":"https:\/\/api.w.org\/{rel}","templated":true}]}}