{"id":995,"date":"2019-09-09T19:16:37","date_gmt":"2019-09-09T17:16:37","guid":{"rendered":"http:\/\/av-abogados.es\/fr\/?page_id=995"},"modified":"2019-09-13T18:53:11","modified_gmt":"2019-09-13T16:53:11","slug":"droit-de-lurbanisme","status":"publish","type":"page","link":"https:\/\/av-abogados.es\/fr\/droit-de-lurbanisme\/","title":{"rendered":"Droit de l\u2019urbanisme"},"content":{"rendered":"<p>[vc_row css_animation=\u00a0\u00bb\u00a0\u00bb row_type=\u00a0\u00bbrow\u00a0\u00bb use_row_as_full_screen_section=\u00a0\u00bbno\u00a0\u00bb type=\u00a0\u00bbfull_width\u00a0\u00bb angled_section=\u00a0\u00bbno\u00a0\u00bb text_align=\u00a0\u00bbleft\u00a0\u00bb background_image_as_pattern=\u00a0\u00bbwithout_pattern\u00a0\u00bb css=\u00a0\u00bb.vc_custom_1550509729747{background-position: center !important;background-repeat: no-repeat !important;background-size: cover !important;}\u00a0\u00bb z_index=\u00a0\u00bb\u00a0\u00bb][vc_column width=\u00a0\u00bb1\/2&Prime; css=\u00a0\u00bb.vc_custom_1568393572185{padding-top: 50px !important;}\u00a0\u00bb][vc_column_text css=\u00a0\u00bb.vc_custom_1568050094830{padding-top: 50px !important;padding-left: 50px !important;}\u00a0\u00bb]<\/p>\n<h1>Droit de l\u2019urbanisme<\/h1>\n<p>Notre cabinet d\u2019avocats intervient dans tous les domaines du droit de l\u2019urbanisme, et en particulier dans celui de l\u2019am\u00e9nagement du territoire.<\/p>\n<p>&nbsp;<\/p>\n<p>Notre \u00e9quipe assiste ses clients dans l\u2019\u00e9laboration et la mise en \u0153uvre d\u2019outils d\u2019ordonnancement urbain et territorial, ainsi qu\u2019en mati\u00e8re de planification g\u00e9n\u00e9rale et de r\u00e8glementation de l\u2019am\u00e9nagement (plans g\u00e9n\u00e9raux, plans sectoriels, plans locaux, plans sp\u00e9ciaux, Etudes d\u00e9taill\u00e9es, etc.)<\/p>\n<p>&nbsp;<\/p>\n<p>Nous assurons \u00e9galement le conseil dans l\u2019\u00e9laboration et la mise en \u0153uvre d\u2019outils de gestion urbaine, dans les projets de distribution \u00e9quitable (nouveau parcellement, d\u00e9dommagement, etc.), lors des d\u00e9marches d\u2019expropriation forc\u00e9e (taxation commune ou individuelle), et lors des demandes d\u2019autorisations et de permis d\u2019urbanisme.[\/vc_column_text][vc_row_inner row_type=\u00a0\u00bbrow\u00a0\u00bb type=\u00a0\u00bbfull_width\u00a0\u00bb text_align=\u00a0\u00bbleft\u00a0\u00bb css_animation=\u00a0\u00bb\u00a0\u00bb css=\u00a0\u00bb.vc_custom_1550510131914{padding-top: 50px !important;padding-left: 50px !important;}\u00a0\u00bb][vc_column_inner]<a  itemprop=\"url\" href=\"http:\/\/av-abogados.es\/fr\/contact\/\" target=\"_self\" data-hover-background-color=#1f1b1d data-hover-border-color=#1f1b1d data-hover-color=#ffffff class=\"qbutton  medium default\" style=\"color: #ffffff; border-color: #ec7600; font-style: normal; font-weight: 400; text-transform: uppercase; background-color: #ec7600;\">Demander plus d'informations<\/a>[\/vc_column_inner][\/vc_row_inner][vc_empty_space height=\u00a0\u00bb50&Prime;][\/vc_column][vc_column width=\u00a0\u00bb1\/2&Prime;][vc_single_image image=\u00a0\u00bb483&Prime; img_size=\u00a0\u00bbfull\u00a0\u00bb alignment=\u00a0\u00bbright\u00a0\u00bb qode_css_animation=\u00a0\u00bb\u00a0\u00bb][\/vc_column][\/vc_row]<\/p>\n","protected":false},"excerpt":{"rendered":"<p>[vc_row css_animation=\u00a0\u00bb\u00a0\u00bb row_type=\u00a0\u00bbrow\u00a0\u00bb use_row_as_full_screen_section=\u00a0\u00bbno\u00a0\u00bb type=\u00a0\u00bbfull_width\u00a0\u00bb angled_section=\u00a0\u00bbno\u00a0\u00bb text_align=\u00a0\u00bbleft\u00a0\u00bb background_image_as_pattern=\u00a0\u00bbwithout_pattern\u00a0\u00bb css=\u00a0\u00bb.vc_custom_1550509729747{background-position: center !important;background-repeat: no-repeat !important;background-size: cover !important;}\u00a0\u00bb z_index=\u00a0\u00bb\u00a0\u00bb][vc_column width=\u00a0\u00bb1\/2&Prime; css=\u00a0\u00bb.vc_custom_1568393572185{padding-top: 50px !important;}\u00a0\u00bb][vc_column_text css=\u00a0\u00bb.vc_custom_1568050094830{padding-top: 50px !important;padding-left: 50px !important;}\u00a0\u00bb] Droit de l\u2019urbanisme Notre cabinet d\u2019avocats intervient dans tous les domaines du droit de l\u2019urbanisme, et en particulier dans celui&#8230;<\/p>\n","protected":false},"author":1,"featured_media":0,"parent":0,"menu_order":0,"comment_status":"closed","ping_status":"closed","template":"full_width.php","meta":[],"yoast_head":"<!-- This site is optimized with the Yoast SEO plugin v19.1 - https:\/\/yoast.com\/wordpress\/plugins\/seo\/ -->\n<title>Droit de l\u2019urbanisme - AV Abogados<\/title>\n<meta name=\"robots\" content=\"index, follow, max-snippet:-1, max-image-preview:large, max-video-preview:-1\" \/>\n<link rel=\"canonical\" href=\"https:\/\/av-abogados.es\/fr\/droit-de-lurbanisme\/\" \/>\n<meta property=\"og:locale\" content=\"fr_FR\" \/>\n<meta property=\"og:type\" content=\"article\" \/>\n<meta property=\"og:title\" content=\"Droit de l\u2019urbanisme - AV Abogados\" \/>\n<meta property=\"og:description\" content=\"[vc_row css_animation=\u00a0\u00bb\u00a0\u00bb row_type=\u00a0\u00bbrow\u00a0\u00bb use_row_as_full_screen_section=\u00a0\u00bbno\u00a0\u00bb type=\u00a0\u00bbfull_width\u00a0\u00bb angled_section=\u00a0\u00bbno\u00a0\u00bb text_align=\u00a0\u00bbleft\u00a0\u00bb background_image_as_pattern=\u00a0\u00bbwithout_pattern\u00a0\u00bb css=\u00a0\u00bb.vc_custom_1550509729747{background-position: center !important;background-repeat: no-repeat !important;background-size: cover !important;}\u00a0\u00bb z_index=\u00a0\u00bb\u00a0\u00bb][vc_column width=\u00a0\u00bb1\/2&Prime; css=\u00a0\u00bb.vc_custom_1568393572185{padding-top: 50px !important;}\u00a0\u00bb][vc_column_text css=\u00a0\u00bb.vc_custom_1568050094830{padding-top: 50px !important;padding-left: 50px !important;}\u00a0\u00bb] Droit de l\u2019urbanisme Notre cabinet d\u2019avocats intervient dans tous les domaines du droit de l\u2019urbanisme, et en particulier dans celui...\" \/>\n<meta property=\"og:url\" content=\"https:\/\/av-abogados.es\/fr\/droit-de-lurbanisme\/\" \/>\n<meta property=\"og:site_name\" content=\"AV Abogados\" \/>\n<meta property=\"article:modified_time\" content=\"2019-09-13T16:53:11+00:00\" \/>\n<meta name=\"twitter:card\" content=\"summary_large_image\" \/>\n<meta name=\"twitter:label1\" content=\"Dur\u00e9e de lecture estim\u00e9e\" \/>\n\t<meta name=\"twitter:data1\" content=\"2 minutes\" \/>\n<script type=\"application\/ld+json\" class=\"yoast-schema-graph\">{\"@context\":\"https:\/\/schema.org\",\"@graph\":[{\"@type\":\"WebSite\",\"@id\":\"https:\/\/av-abogados.es\/#website\",\"url\":\"https:\/\/av-abogados.es\/\",\"name\":\"AV Abogados\",\"description\":\"Abogados y asesores tributarios en Marbella\",\"potentialAction\":[{\"@type\":\"SearchAction\",\"target\":{\"@type\":\"EntryPoint\",\"urlTemplate\":\"https:\/\/av-abogados.es\/?s={search_term_string}\"},\"query-input\":\"required name=search_term_string\"}],\"inLanguage\":\"fr-FR\"},{\"@type\":\"WebPage\",\"@id\":\"https:\/\/av-abogados.es\/fr\/droit-de-lurbanisme\/#webpage\",\"url\":\"https:\/\/av-abogados.es\/fr\/droit-de-lurbanisme\/\",\"name\":\"Droit de l\u2019urbanisme - AV Abogados\",\"isPartOf\":{\"@id\":\"https:\/\/av-abogados.es\/#website\"},\"datePublished\":\"2019-09-09T17:16:37+00:00\",\"dateModified\":\"2019-09-13T16:53:11+00:00\",\"breadcrumb\":{\"@id\":\"https:\/\/av-abogados.es\/fr\/droit-de-lurbanisme\/#breadcrumb\"},\"inLanguage\":\"fr-FR\",\"potentialAction\":[{\"@type\":\"ReadAction\",\"target\":[\"https:\/\/av-abogados.es\/fr\/droit-de-lurbanisme\/\"]}]},{\"@type\":\"BreadcrumbList\",\"@id\":\"https:\/\/av-abogados.es\/fr\/droit-de-lurbanisme\/#breadcrumb\",\"itemListElement\":[{\"@type\":\"ListItem\",\"position\":1,\"name\":\"Portada\",\"item\":\"https:\/\/av-abogados.es\/fr\/\"},{\"@type\":\"ListItem\",\"position\":2,\"name\":\"Droit de l\u2019urbanisme\"}]}]}<\/script>\n<!-- \/ Yoast SEO plugin. -->","yoast_head_json":{"title":"Droit de l\u2019urbanisme - AV Abogados","robots":{"index":"index","follow":"follow","max-snippet":"max-snippet:-1","max-image-preview":"max-image-preview:large","max-video-preview":"max-video-preview:-1"},"canonical":"https:\/\/av-abogados.es\/fr\/droit-de-lurbanisme\/","og_locale":"fr_FR","og_type":"article","og_title":"Droit de l\u2019urbanisme - AV Abogados","og_description":"[vc_row css_animation=\u00a0\u00bb\u00a0\u00bb row_type=\u00a0\u00bbrow\u00a0\u00bb use_row_as_full_screen_section=\u00a0\u00bbno\u00a0\u00bb type=\u00a0\u00bbfull_width\u00a0\u00bb angled_section=\u00a0\u00bbno\u00a0\u00bb text_align=\u00a0\u00bbleft\u00a0\u00bb background_image_as_pattern=\u00a0\u00bbwithout_pattern\u00a0\u00bb css=\u00a0\u00bb.vc_custom_1550509729747{background-position: center !important;background-repeat: no-repeat !important;background-size: cover !important;}\u00a0\u00bb z_index=\u00a0\u00bb\u00a0\u00bb][vc_column width=\u00a0\u00bb1\/2&Prime; css=\u00a0\u00bb.vc_custom_1568393572185{padding-top: 50px !important;}\u00a0\u00bb][vc_column_text css=\u00a0\u00bb.vc_custom_1568050094830{padding-top: 50px !important;padding-left: 50px !important;}\u00a0\u00bb] Droit de l\u2019urbanisme Notre cabinet d\u2019avocats intervient dans tous les domaines du droit de l\u2019urbanisme, et en particulier dans celui...","og_url":"https:\/\/av-abogados.es\/fr\/droit-de-lurbanisme\/","og_site_name":"AV Abogados","article_modified_time":"2019-09-13T16:53:11+00:00","twitter_card":"summary_large_image","twitter_misc":{"Dur\u00e9e de lecture estim\u00e9e":"2 minutes"},"schema":{"@context":"https:\/\/schema.org","@graph":[{"@type":"WebSite","@id":"https:\/\/av-abogados.es\/#website","url":"https:\/\/av-abogados.es\/","name":"AV Abogados","description":"Abogados y asesores tributarios en Marbella","potentialAction":[{"@type":"SearchAction","target":{"@type":"EntryPoint","urlTemplate":"https:\/\/av-abogados.es\/?s={search_term_string}"},"query-input":"required name=search_term_string"}],"inLanguage":"fr-FR"},{"@type":"WebPage","@id":"https:\/\/av-abogados.es\/fr\/droit-de-lurbanisme\/#webpage","url":"https:\/\/av-abogados.es\/fr\/droit-de-lurbanisme\/","name":"Droit de l\u2019urbanisme - AV Abogados","isPartOf":{"@id":"https:\/\/av-abogados.es\/#website"},"datePublished":"2019-09-09T17:16:37+00:00","dateModified":"2019-09-13T16:53:11+00:00","breadcrumb":{"@id":"https:\/\/av-abogados.es\/fr\/droit-de-lurbanisme\/#breadcrumb"},"inLanguage":"fr-FR","potentialAction":[{"@type":"ReadAction","target":["https:\/\/av-abogados.es\/fr\/droit-de-lurbanisme\/"]}]},{"@type":"BreadcrumbList","@id":"https:\/\/av-abogados.es\/fr\/droit-de-lurbanisme\/#breadcrumb","itemListElement":[{"@type":"ListItem","position":1,"name":"Portada","item":"https:\/\/av-abogados.es\/fr\/"},{"@type":"ListItem","position":2,"name":"Droit de l\u2019urbanisme"}]}]}},"_links":{"self":[{"href":"https:\/\/av-abogados.es\/fr\/wp-json\/wp\/v2\/pages\/995"}],"collection":[{"href":"https:\/\/av-abogados.es\/fr\/wp-json\/wp\/v2\/pages"}],"about":[{"href":"https:\/\/av-abogados.es\/fr\/wp-json\/wp\/v2\/types\/page"}],"author":[{"embeddable":true,"href":"https:\/\/av-abogados.es\/fr\/wp-json\/wp\/v2\/users\/1"}],"replies":[{"embeddable":true,"href":"https:\/\/av-abogados.es\/fr\/wp-json\/wp\/v2\/comments?post=995"}],"version-history":[{"count":3,"href":"https:\/\/av-abogados.es\/fr\/wp-json\/wp\/v2\/pages\/995\/revisions"}],"predecessor-version":[{"id":1184,"href":"https:\/\/av-abogados.es\/fr\/wp-json\/wp\/v2\/pages\/995\/revisions\/1184"}],"wp:attachment":[{"href":"https:\/\/av-abogados.es\/fr\/wp-json\/wp\/v2\/media?parent=995"}],"curies":[{"name":"wp","href":"https:\/\/api.w.org\/{rel}","templated":true}]}}