{"id":986,"date":"2019-09-09T14:29:17","date_gmt":"2019-09-09T12:29:17","guid":{"rendered":"http:\/\/av-abogados.es\/fr\/?page_id=986"},"modified":"2019-09-13T18:58:12","modified_gmt":"2019-09-13T16:58:12","slug":"droit-fiscal","status":"publish","type":"page","link":"https:\/\/av-abogados.es\/fr\/droit-fiscal\/","title":{"rendered":"Droit fiscal"},"content":{"rendered":"<p>[vc_row css_animation=\u00a0\u00bb\u00a0\u00bb row_type=\u00a0\u00bbrow\u00a0\u00bb use_row_as_full_screen_section=\u00a0\u00bbno\u00a0\u00bb type=\u00a0\u00bbfull_width\u00a0\u00bb angled_section=\u00a0\u00bbno\u00a0\u00bb text_align=\u00a0\u00bbleft\u00a0\u00bb background_image_as_pattern=\u00a0\u00bbwithout_pattern\u00a0\u00bb css=\u00a0\u00bb.vc_custom_1550509729747{background-position: center !important;background-repeat: no-repeat !important;background-size: cover !important;}\u00a0\u00bb z_index=\u00a0\u00bb\u00a0\u00bb][vc_column width=\u00a0\u00bb1\/2&Prime; css=\u00a0\u00bb.vc_custom_1568393883344{padding-top: 50px !important;}\u00a0\u00bb][vc_column_text css=\u00a0\u00bb.vc_custom_1568048607516{padding-top: 50px !important;padding-left: 50px !important;}\u00a0\u00bb]<\/p>\n<h1>Droit fiscal<\/h1>\n<p>Les services juridiques fournis couvrent tous les domaines du droit fiscal, et particuli\u00e8rement celui de la fiscalit\u00e9 immobili\u00e8re, fiscalit\u00e9 locale, et celle relative aux r\u00e9sidents et non-r\u00e9sidents.<\/p>\n<p>&nbsp;<\/p>\n<p>Notre \u00e9quipe propose son expertise et ses services de conseil lors des op\u00e9rations de cession, d\u2019acquisition de propri\u00e9t\u00e9s et de financement de projets immobiliers (centres commerciaux, infrastructures, etc.), ainsi que pour toutes les questions relatives aux proc\u00e9dures de v\u00e9rification et d\u2019inspection du fisc.<\/p>\n<p>&nbsp;<\/p>\n<p>Notre \u00e9quipe assiste \u00e9galement ses clients lors des proc\u00e9dures \u00e9conomiques et administratives et lors des contentieux administratifs relatifs au domaine des imp\u00f4ts.[\/vc_column_text][vc_row_inner row_type=\u00a0\u00bbrow\u00a0\u00bb type=\u00a0\u00bbfull_width\u00a0\u00bb text_align=\u00a0\u00bbleft\u00a0\u00bb css_animation=\u00a0\u00bb\u00a0\u00bb css=\u00a0\u00bb.vc_custom_1550510131914{padding-top: 50px !important;padding-left: 50px !important;}\u00a0\u00bb][vc_column_inner]<a  itemprop=\"url\" href=\"http:\/\/av-abogados.es\/fr\/contact\/\" target=\"_blank\" data-hover-background-color=#1f1b1d data-hover-border-color=#1f1b1d data-hover-color=#ffffff class=\"qbutton  medium default\" style=\"color: #ffffff; border-color: #fa9638; font-style: normal; font-weight: 400; text-transform: uppercase; background-color: #fa9638;\">Demander plus d'informations<\/a>[\/vc_column_inner][\/vc_row_inner][vc_empty_space height=\u00a0\u00bb50&Prime;][\/vc_column][vc_column width=\u00a0\u00bb1\/2&Prime;][vc_single_image image=\u00a0\u00bb1141&Prime; img_size=\u00a0\u00bbfull\u00a0\u00bb alignment=\u00a0\u00bbright\u00a0\u00bb qode_css_animation=\u00a0\u00bb\u00a0\u00bb][\/vc_column][\/vc_row]<\/p>\n","protected":false},"excerpt":{"rendered":"<p>[vc_row css_animation=\u00a0\u00bb\u00a0\u00bb row_type=\u00a0\u00bbrow\u00a0\u00bb use_row_as_full_screen_section=\u00a0\u00bbno\u00a0\u00bb type=\u00a0\u00bbfull_width\u00a0\u00bb angled_section=\u00a0\u00bbno\u00a0\u00bb text_align=\u00a0\u00bbleft\u00a0\u00bb background_image_as_pattern=\u00a0\u00bbwithout_pattern\u00a0\u00bb css=\u00a0\u00bb.vc_custom_1550509729747{background-position: center !important;background-repeat: no-repeat !important;background-size: cover !important;}\u00a0\u00bb z_index=\u00a0\u00bb\u00a0\u00bb][vc_column width=\u00a0\u00bb1\/2&Prime; css=\u00a0\u00bb.vc_custom_1568393883344{padding-top: 50px !important;}\u00a0\u00bb][vc_column_text css=\u00a0\u00bb.vc_custom_1568048607516{padding-top: 50px !important;padding-left: 50px !important;}\u00a0\u00bb] Droit fiscal Les services juridiques fournis couvrent tous les domaines du droit fiscal, et particuli\u00e8rement celui de la fiscalit\u00e9 immobili\u00e8re,&#8230;<\/p>\n","protected":false},"author":1,"featured_media":0,"parent":0,"menu_order":0,"comment_status":"closed","ping_status":"closed","template":"full_width.php","meta":[],"yoast_head":"<!-- This site is optimized with the Yoast SEO plugin v19.1 - https:\/\/yoast.com\/wordpress\/plugins\/seo\/ -->\n<title>Droit fiscal - AV Abogados<\/title>\n<meta name=\"robots\" content=\"index, follow, max-snippet:-1, max-image-preview:large, max-video-preview:-1\" \/>\n<link rel=\"canonical\" href=\"https:\/\/av-abogados.es\/fr\/droit-fiscal\/\" \/>\n<meta property=\"og:locale\" content=\"fr_FR\" \/>\n<meta property=\"og:type\" content=\"article\" \/>\n<meta property=\"og:title\" content=\"Droit fiscal - AV Abogados\" \/>\n<meta property=\"og:description\" content=\"[vc_row css_animation=\u00a0\u00bb\u00a0\u00bb row_type=\u00a0\u00bbrow\u00a0\u00bb use_row_as_full_screen_section=\u00a0\u00bbno\u00a0\u00bb type=\u00a0\u00bbfull_width\u00a0\u00bb angled_section=\u00a0\u00bbno\u00a0\u00bb text_align=\u00a0\u00bbleft\u00a0\u00bb background_image_as_pattern=\u00a0\u00bbwithout_pattern\u00a0\u00bb css=\u00a0\u00bb.vc_custom_1550509729747{background-position: center !important;background-repeat: no-repeat !important;background-size: cover !important;}\u00a0\u00bb z_index=\u00a0\u00bb\u00a0\u00bb][vc_column width=\u00a0\u00bb1\/2&Prime; css=\u00a0\u00bb.vc_custom_1568393883344{padding-top: 50px !important;}\u00a0\u00bb][vc_column_text css=\u00a0\u00bb.vc_custom_1568048607516{padding-top: 50px !important;padding-left: 50px !important;}\u00a0\u00bb] Droit fiscal Les services juridiques fournis couvrent tous les domaines du droit fiscal, et particuli\u00e8rement celui de la fiscalit\u00e9 immobili\u00e8re,...\" \/>\n<meta property=\"og:url\" content=\"https:\/\/av-abogados.es\/fr\/droit-fiscal\/\" \/>\n<meta property=\"og:site_name\" content=\"AV Abogados\" \/>\n<meta property=\"article:modified_time\" content=\"2019-09-13T16:58:12+00:00\" \/>\n<meta name=\"twitter:card\" content=\"summary_large_image\" \/>\n<meta name=\"twitter:label1\" content=\"Dur\u00e9e de lecture estim\u00e9e\" \/>\n\t<meta name=\"twitter:data1\" content=\"1 minute\" \/>\n<script type=\"application\/ld+json\" class=\"yoast-schema-graph\">{\"@context\":\"https:\/\/schema.org\",\"@graph\":[{\"@type\":\"WebSite\",\"@id\":\"https:\/\/av-abogados.es\/#website\",\"url\":\"https:\/\/av-abogados.es\/\",\"name\":\"AV Abogados\",\"description\":\"Abogados y asesores tributarios en Marbella\",\"potentialAction\":[{\"@type\":\"SearchAction\",\"target\":{\"@type\":\"EntryPoint\",\"urlTemplate\":\"https:\/\/av-abogados.es\/?s={search_term_string}\"},\"query-input\":\"required name=search_term_string\"}],\"inLanguage\":\"fr-FR\"},{\"@type\":\"WebPage\",\"@id\":\"https:\/\/av-abogados.es\/fr\/droit-fiscal\/#webpage\",\"url\":\"https:\/\/av-abogados.es\/fr\/droit-fiscal\/\",\"name\":\"Droit fiscal - AV Abogados\",\"isPartOf\":{\"@id\":\"https:\/\/av-abogados.es\/#website\"},\"datePublished\":\"2019-09-09T12:29:17+00:00\",\"dateModified\":\"2019-09-13T16:58:12+00:00\",\"breadcrumb\":{\"@id\":\"https:\/\/av-abogados.es\/fr\/droit-fiscal\/#breadcrumb\"},\"inLanguage\":\"fr-FR\",\"potentialAction\":[{\"@type\":\"ReadAction\",\"target\":[\"https:\/\/av-abogados.es\/fr\/droit-fiscal\/\"]}]},{\"@type\":\"BreadcrumbList\",\"@id\":\"https:\/\/av-abogados.es\/fr\/droit-fiscal\/#breadcrumb\",\"itemListElement\":[{\"@type\":\"ListItem\",\"position\":1,\"name\":\"Portada\",\"item\":\"https:\/\/av-abogados.es\/fr\/\"},{\"@type\":\"ListItem\",\"position\":2,\"name\":\"Droit fiscal\"}]}]}<\/script>\n<!-- \/ Yoast SEO plugin. -->","yoast_head_json":{"title":"Droit fiscal - AV Abogados","robots":{"index":"index","follow":"follow","max-snippet":"max-snippet:-1","max-image-preview":"max-image-preview:large","max-video-preview":"max-video-preview:-1"},"canonical":"https:\/\/av-abogados.es\/fr\/droit-fiscal\/","og_locale":"fr_FR","og_type":"article","og_title":"Droit fiscal - AV Abogados","og_description":"[vc_row css_animation=\u00a0\u00bb\u00a0\u00bb row_type=\u00a0\u00bbrow\u00a0\u00bb use_row_as_full_screen_section=\u00a0\u00bbno\u00a0\u00bb type=\u00a0\u00bbfull_width\u00a0\u00bb angled_section=\u00a0\u00bbno\u00a0\u00bb text_align=\u00a0\u00bbleft\u00a0\u00bb background_image_as_pattern=\u00a0\u00bbwithout_pattern\u00a0\u00bb css=\u00a0\u00bb.vc_custom_1550509729747{background-position: center !important;background-repeat: no-repeat !important;background-size: cover !important;}\u00a0\u00bb z_index=\u00a0\u00bb\u00a0\u00bb][vc_column width=\u00a0\u00bb1\/2&Prime; css=\u00a0\u00bb.vc_custom_1568393883344{padding-top: 50px !important;}\u00a0\u00bb][vc_column_text css=\u00a0\u00bb.vc_custom_1568048607516{padding-top: 50px !important;padding-left: 50px !important;}\u00a0\u00bb] Droit fiscal Les services juridiques fournis couvrent tous les domaines du droit fiscal, et particuli\u00e8rement celui de la fiscalit\u00e9 immobili\u00e8re,...","og_url":"https:\/\/av-abogados.es\/fr\/droit-fiscal\/","og_site_name":"AV Abogados","article_modified_time":"2019-09-13T16:58:12+00:00","twitter_card":"summary_large_image","twitter_misc":{"Dur\u00e9e de lecture estim\u00e9e":"1 minute"},"schema":{"@context":"https:\/\/schema.org","@graph":[{"@type":"WebSite","@id":"https:\/\/av-abogados.es\/#website","url":"https:\/\/av-abogados.es\/","name":"AV Abogados","description":"Abogados y asesores tributarios en Marbella","potentialAction":[{"@type":"SearchAction","target":{"@type":"EntryPoint","urlTemplate":"https:\/\/av-abogados.es\/?s={search_term_string}"},"query-input":"required name=search_term_string"}],"inLanguage":"fr-FR"},{"@type":"WebPage","@id":"https:\/\/av-abogados.es\/fr\/droit-fiscal\/#webpage","url":"https:\/\/av-abogados.es\/fr\/droit-fiscal\/","name":"Droit fiscal - AV Abogados","isPartOf":{"@id":"https:\/\/av-abogados.es\/#website"},"datePublished":"2019-09-09T12:29:17+00:00","dateModified":"2019-09-13T16:58:12+00:00","breadcrumb":{"@id":"https:\/\/av-abogados.es\/fr\/droit-fiscal\/#breadcrumb"},"inLanguage":"fr-FR","potentialAction":[{"@type":"ReadAction","target":["https:\/\/av-abogados.es\/fr\/droit-fiscal\/"]}]},{"@type":"BreadcrumbList","@id":"https:\/\/av-abogados.es\/fr\/droit-fiscal\/#breadcrumb","itemListElement":[{"@type":"ListItem","position":1,"name":"Portada","item":"https:\/\/av-abogados.es\/fr\/"},{"@type":"ListItem","position":2,"name":"Droit fiscal"}]}]}},"_links":{"self":[{"href":"https:\/\/av-abogados.es\/fr\/wp-json\/wp\/v2\/pages\/986"}],"collection":[{"href":"https:\/\/av-abogados.es\/fr\/wp-json\/wp\/v2\/pages"}],"about":[{"href":"https:\/\/av-abogados.es\/fr\/wp-json\/wp\/v2\/types\/page"}],"author":[{"embeddable":true,"href":"https:\/\/av-abogados.es\/fr\/wp-json\/wp\/v2\/users\/1"}],"replies":[{"embeddable":true,"href":"https:\/\/av-abogados.es\/fr\/wp-json\/wp\/v2\/comments?post=986"}],"version-history":[{"count":6,"href":"https:\/\/av-abogados.es\/fr\/wp-json\/wp\/v2\/pages\/986\/revisions"}],"predecessor-version":[{"id":1191,"href":"https:\/\/av-abogados.es\/fr\/wp-json\/wp\/v2\/pages\/986\/revisions\/1191"}],"wp:attachment":[{"href":"https:\/\/av-abogados.es\/fr\/wp-json\/wp\/v2\/media?parent=986"}],"curies":[{"name":"wp","href":"https:\/\/api.w.org\/{rel}","templated":true}]}}