{"id":915,"date":"2019-09-09T13:29:35","date_gmt":"2019-09-09T11:29:35","guid":{"rendered":"http:\/\/av-abogados.es\/fr\/?page_id=915"},"modified":"2023-01-31T18:44:53","modified_gmt":"2023-01-31T17:44:53","slug":"equipe","status":"publish","type":"page","link":"https:\/\/av-abogados.es\/fr\/equipe\/","title":{"rendered":"\u00c9quipe"},"content":{"rendered":"<p>[vc_row css_animation=\u00a0\u00bb\u00a0\u00bb row_type=\u00a0\u00bbrow\u00a0\u00bb use_row_as_full_screen_section=\u00a0\u00bbno\u00a0\u00bb type=\u00a0\u00bbfull_width\u00a0\u00bb angled_section=\u00a0\u00bbno\u00a0\u00bb text_align=\u00a0\u00bbcenter\u00a0\u00bb background_image_as_pattern=\u00a0\u00bbwithout_pattern\u00a0\u00bb css=\u00a0\u00bb.vc_custom_1675187090862{margin-bottom: 100px !important;padding-top: 150px !important;padding-right: 200px !important;padding-bottom: 150px !important;padding-left: 200px !important;background-color: #fa9638 !important;background-position: center !important;background-repeat: no-repeat !important;background-size: cover !important;}\u00a0\u00bb z_index=\u00a0\u00bb\u00a0\u00bb][vc_column][vc_column_text]<\/p>\n<h2 style=\"text-align: center;\">PROFESSIONNELS HAUTEMENT QUALIFI\u00c9S<\/h2>\n<p>[\/vc_column_text][vc_column_text]<\/p>\n<h3 style=\"text-align: center;\">Nous nous distinguons et nous nous caract\u00e9risons par la transparence et la qualit\u00e9 du service que nous fournissons \u00e0 nos clients.<\/h3>\n<p>[\/vc_column_text][\/vc_column][\/vc_row][vc_row css_animation=\u00a0\u00bb\u00a0\u00bb row_type=\u00a0\u00bbrow\u00a0\u00bb use_row_as_full_screen_section=\u00a0\u00bbno\u00a0\u00bb type=\u00a0\u00bbgrid\u00a0\u00bb angled_section=\u00a0\u00bbno\u00a0\u00bb text_align=\u00a0\u00bbleft\u00a0\u00bb background_image_as_pattern=\u00a0\u00bbwithout_pattern\u00a0\u00bb z_index=\u00a0\u00bb\u00a0\u00bb css=\u00a0\u00bb.vc_custom_1560379460040{padding-bottom: 25px !important;}\u00a0\u00bb][vc_column offset=\u00a0\u00bbvc_hidden-lg vc_hidden-md vc_hidden-sm\u00a0\u00bb][vc_single_image image=\u00a0\u00bb800&Prime; img_size=\u00a0\u00bbfull\u00a0\u00bb alignment=\u00a0\u00bbcenter\u00a0\u00bb qode_css_animation=\u00a0\u00bb\u00a0\u00bb][\/vc_column][\/vc_row][vc_row css_animation=\u00a0\u00bb\u00a0\u00bb row_type=\u00a0\u00bbrow\u00a0\u00bb use_row_as_full_screen_section=\u00a0\u00bbno\u00a0\u00bb type=\u00a0\u00bbgrid\u00a0\u00bb angled_section=\u00a0\u00bbno\u00a0\u00bb text_align=\u00a0\u00bbleft\u00a0\u00bb background_image_as_pattern=\u00a0\u00bbwithout_pattern\u00a0\u00bb z_index=\u00a0\u00bb\u00a0\u00bb][vc_column width=\u00a0\u00bb1\/2&Prime;][vc_column_text]<\/p>\n<p style=\"text-align: justify;\">Le cabinet compte sur un groupe de professionnels hautement qualifi\u00e9s poss\u00e9dant une grande exp\u00e9rience professionnelle et b\u00e9n\u00e9ficiant d\u2019une formation continue. Convaincu de la n\u00e9cessit\u00e9 d\u2019int\u00e9grer les services, notre bureau est le fruit de l\u2019union de professionnels poss\u00e9dant une grande exp\u00e9rience de la pratique de leur activit\u00e9. Ainsi, l\u2019un des principaux avantages de tous ceux qui se rendent chez AV AboGados est de disposer d\u2019un service constitu\u00e9 par une \u00e9quipe hautement sp\u00e9cialis\u00e9e dans chacun de leurs domaines.<\/p>\n<p>&nbsp;<\/p>\n<p style=\"text-align: justify;\">L&rsquo;exp\u00e9rience de nos avocats et la connaissance pr\u00e9cise des secteurs et des domaines d&rsquo;activit\u00e9 de nos clients nous permettent d&rsquo;offrir des conseils \u00e0 forte valeur ajout\u00e9e dans tous les domaines du droit des affaires, dans lesquels nous recherchons les solutions techniques les plus novatrices aux probl\u00e8mes juridiques plus complexes.<\/p>\n<p>&nbsp;<\/p>\n<p style=\"text-align: justify;\">AV AboGados a \u00e9galement des accords d\u2019association avec les plus prestigieux dirigeants du Royaume-Uni (Manleys Solicitors).<\/p>\n<p>[\/vc_column_text][\/vc_column][vc_column width=\u00a0\u00bb1\/2&Prime; offset=\u00a0\u00bbvc_hidden-xs\u00a0\u00bb][vc_single_image image=\u00a0\u00bb800&Prime; img_size=\u00a0\u00bbfull\u00a0\u00bb alignment=\u00a0\u00bbcenter\u00a0\u00bb qode_css_animation=\u00a0\u00bb\u00a0\u00bb][\/vc_column][\/vc_row][vc_row css_animation=\u00a0\u00bb\u00a0\u00bb row_type=\u00a0\u00bbrow\u00a0\u00bb use_row_as_full_screen_section=\u00a0\u00bbno\u00a0\u00bb type=\u00a0\u00bbfull_width\u00a0\u00bb angled_section=\u00a0\u00bbno\u00a0\u00bb text_align=\u00a0\u00bbleft\u00a0\u00bb background_image_as_pattern=\u00a0\u00bbwithout_pattern\u00a0\u00bb][vc_column][vc_empty_space height=\u00a0\u00bb50&Prime;][\/vc_column][\/vc_row][vc_row css_animation=\u00a0\u00bb\u00a0\u00bb row_type=\u00a0\u00bbrow\u00a0\u00bb use_row_as_full_screen_section=\u00a0\u00bbno\u00a0\u00bb type=\u00a0\u00bbfull_width\u00a0\u00bb angled_section=\u00a0\u00bbno\u00a0\u00bb text_align=\u00a0\u00bbleft\u00a0\u00bb background_image_as_pattern=\u00a0\u00bbwithout_pattern\u00a0\u00bb][vc_column]<div class=\"call_to_action normal\" style=\"background-color: #ec7600;\"><div class=\"container_inner\"><div class=\"two_columns_75_25 clearfix\"><div class=\"text_wrapper column1\"><div class=\"call_to_action_text \" style=\"\">\n<h3><span style=\"color: #ffffff;\">AV AboGados is one of the most prestigious independent tax lawyers and advisory firms on the Costa del Sol and Costa Blanca.<\/span><\/h3>\n<\/div><\/div><div class=\"button_wrapper column2\"><a itemprop=\"url\" href=\"http:\/\/av-abogados.es\/fr\/contact\/\" class=\"qbutton white \" target=\"\" style=\"color: #ffffff;border-color: #1a1a1a;background-color: #1a1a1a;\"data-hover-background-color=#ffffff data-hover-border-color=#ffffff data-hover-color=#1a1a1a>Demander plus d'informations<\/a><\/div><\/div><\/div><\/div>[\/vc_column][\/vc_row][vc_row css_animation=\u00a0\u00bb\u00a0\u00bb row_type=\u00a0\u00bbrow\u00a0\u00bb use_row_as_full_screen_section=\u00a0\u00bbno\u00a0\u00bb type=\u00a0\u00bbfull_width\u00a0\u00bb angled_section=\u00a0\u00bbno\u00a0\u00bb text_align=\u00a0\u00bbleft\u00a0\u00bb background_image_as_pattern=\u00a0\u00bbwithout_pattern\u00a0\u00bb][vc_column][vc_empty_space height=\u00a0\u00bb50&Prime;][\/vc_column][\/vc_row][vc_row css_animation=\u00a0\u00bb\u00a0\u00bb row_type=\u00a0\u00bbrow\u00a0\u00bb use_row_as_full_screen_section=\u00a0\u00bbno\u00a0\u00bb type=\u00a0\u00bbgrid\u00a0\u00bb angled_section=\u00a0\u00bbno\u00a0\u00bb text_align=\u00a0\u00bbleft\u00a0\u00bb background_image_as_pattern=\u00a0\u00bbwithout_pattern\u00a0\u00bb z_index=\u00a0\u00bb\u00a0\u00bb][vc_column width=\u00a0\u00bb1\/2&Prime;][vc_single_image image=\u00a0\u00bb693&Prime; img_size=\u00a0\u00bbfull\u00a0\u00bb qode_css_animation=\u00a0\u00bb\u00a0\u00bb][\/vc_column][vc_column width=\u00a0\u00bb1\/2&Prime;][vc_column_text]<\/p>\n<h4><strong>Ma\u00eetre ETIENNE BAUDOUIN ALCOJOR<\/strong><\/h4>\n<p><strong><span style=\"color: #ec7600;\"><em>Associ\u00e9 et cofondateur d\u2019Av AboGados<\/em><\/span><\/strong>[\/vc_column_text][vc_column_text css=\u00a0\u00bb.vc_custom_1560378883335{padding-top: 25px !important;}\u00a0\u00bb]<a href=\"mailto:etienne@av-abogados.es\">etienne@av-abogados.es<\/a><br \/>\n+0034 952859424<\/p>\n<p><img loading=\"lazy\" class=\"alignnone wp-image-613 \" src=\"http:\/\/av-abogados.es\/wp-content\/uploads\/2019\/02\/espanol-150x150.png\" alt=\"\" width=\"30\" height=\"30\" \/> <img loading=\"lazy\" class=\"alignnone wp-image-614\" src=\"http:\/\/av-abogados.es\/wp-content\/uploads\/2019\/02\/ingles-300x300.png\" alt=\"\" width=\"30\" height=\"30\" srcset=\"https:\/\/av-abogados.es\/wp-content\/uploads\/2019\/02\/ingles-300x300.png 300w, https:\/\/av-abogados.es\/wp-content\/uploads\/2019\/02\/ingles-150x150.png 150w, https:\/\/av-abogados.es\/wp-content\/uploads\/2019\/02\/ingles-500x512.png 500w, https:\/\/av-abogados.es\/wp-content\/uploads\/2019\/02\/ingles.png 512w\" sizes=\"(max-width: 30px) 100vw, 30px\" \/> <img loading=\"lazy\" class=\"alignnone wp-image-612\" src=\"http:\/\/av-abogados.es\/wp-content\/uploads\/2019\/02\/frances-300x300.png\" alt=\"\" width=\"30\" height=\"30\" srcset=\"https:\/\/av-abogados.es\/wp-content\/uploads\/2019\/02\/frances-300x300.png 300w, https:\/\/av-abogados.es\/wp-content\/uploads\/2019\/02\/frances-150x150.png 150w, https:\/\/av-abogados.es\/wp-content\/uploads\/2019\/02\/frances-500x512.png 500w, https:\/\/av-abogados.es\/wp-content\/uploads\/2019\/02\/frances.png 512w\" sizes=\"(max-width: 30px) 100vw, 30px\" \/>[\/vc_column_text][vc_column_text css=\u00a0\u00bb.vc_custom_1568028927087{padding-top: 20px !important;}\u00a0\u00bb]En 2004, Ma\u00eetre Etienne Baudouin Alcojor devient l\u2019un des associ\u00e9s cofondateurs du cabinet AV Abogados. Depuis l\u2019an 2000, il exerce son activit\u00e9 professionnelle \u00e0 l\u2019\u00e9chelle nationale et internationale, notamment pr\u00e8s des barreaux des r\u00e9gions de la Costa del Sol et de la Costa Blanca.<\/p>\n<p>Avocat de renom, il poss\u00e8de une longue exp\u00e9rience professionnelle dans les domaines d\u2019intervention suivants : le droit immobilier, le droit de l\u2019urbanisme et le droit des \u00e9trangers.[\/vc_column_text][\/vc_column][\/vc_row][vc_row css_animation=\u00a0\u00bb\u00a0\u00bb row_type=\u00a0\u00bbrow\u00a0\u00bb use_row_as_full_screen_section=\u00a0\u00bbno\u00a0\u00bb type=\u00a0\u00bbgrid\u00a0\u00bb angled_section=\u00a0\u00bbno\u00a0\u00bb text_align=\u00a0\u00bbleft\u00a0\u00bb background_image_as_pattern=\u00a0\u00bbwithout_pattern\u00a0\u00bb z_index=\u00a0\u00bb\u00a0\u00bb css=\u00a0\u00bb.vc_custom_1559843270739{padding-bottom: 50px !important;}\u00a0\u00bb][vc_column width=\u00a0\u00bb1\/2&Prime; offset=\u00a0\u00bbvc_hidden-xs\u00a0\u00bb][vc_column_text css=\u00a0\u00bb.vc_custom_1568029910468{padding-top: 20px !important;}\u00a0\u00bb]<strong>Principaux domaines de competences: <\/strong>Droit Immobilier, Droit de l\u2019urbanisme, Droit des \u00e9trangers, Droit des affaires, Droit civil, Droit de la famille, Droit judiciaire, Droit Public, Droit des entreprises en difficult\u00e9, Droit p\u00e9nal, Droit du travail, Arbitrage et m\u00e9diation, Trafic et code de la route, Droit des assurances, Droit bancaire.[\/vc_column_text][\/vc_column][vc_column width=\u00a0\u00bb1\/2&Prime; offset=\u00a0\u00bbvc_hidden-xs\u00a0\u00bb][vc_column_text css=\u00a0\u00bb.vc_custom_1568029994021{padding-top: 20px !important;}\u00a0\u00bb]<strong>Associations professionnelles: <\/strong>Membre de l\u2019Ordre des avocats de Malaga<br \/>\n<strong>Formation: <\/strong>Licenci\u00e9 en Droit, Universit\u00e9 de Madrid, 2000.[\/vc_column_text][\/vc_column][\/vc_row][vc_row css_animation=\u00a0\u00bb\u00a0\u00bb row_type=\u00a0\u00bbrow\u00a0\u00bb use_row_as_full_screen_section=\u00a0\u00bbno\u00a0\u00bb type=\u00a0\u00bbgrid\u00a0\u00bb angled_section=\u00a0\u00bbno\u00a0\u00bb text_align=\u00a0\u00bbleft\u00a0\u00bb background_image_as_pattern=\u00a0\u00bbwithout_pattern\u00a0\u00bb z_index=\u00a0\u00bb\u00a0\u00bb][vc_column width=\u00a0\u00bb1\/2&Prime;][vc_single_image image=\u00a0\u00bb696&Prime; img_size=\u00a0\u00bbfull\u00a0\u00bb alignment=\u00a0\u00bbcenter\u00a0\u00bb qode_css_animation=\u00a0\u00bb\u00a0\u00bb][\/vc_column][vc_column width=\u00a0\u00bb1\/2&Prime;][vc_column_text]<\/p>\n<h4 style=\"text-align: left;\"><strong>Ma\u00eetre Sergio Villar Ramos<\/strong><\/h4>\n<p style=\"text-align: left;\"><span style=\"color: #ec7600;\"><em><strong>Associ\u00e9 et cofondateur d\u2019Av AboGados<\/strong><\/em><\/span><\/p>\n<p>[\/vc_column_text][vc_column_text css=\u00a0\u00bb.vc_custom_1560379162094{padding-top: 25px !important;}\u00a0\u00bb]<\/p>\n<p style=\"text-align: left;\"><a href=\"mailto:svr@av-abogados.es\">svr@av-abogados.es<\/a><br \/>\n+0034 952859424<\/p>\n<p><img loading=\"lazy\" class=\"alignnone wp-image-613 \" src=\"http:\/\/av-abogados.es\/wp-content\/uploads\/2019\/02\/espanol-150x150.png\" alt=\"\" width=\"30\" height=\"30\" \/> <img loading=\"lazy\" class=\"alignnone wp-image-614\" src=\"http:\/\/av-abogados.es\/wp-content\/uploads\/2019\/02\/ingles-300x300.png\" alt=\"\" width=\"30\" height=\"30\" srcset=\"https:\/\/av-abogados.es\/wp-content\/uploads\/2019\/02\/ingles-300x300.png 300w, https:\/\/av-abogados.es\/wp-content\/uploads\/2019\/02\/ingles-150x150.png 150w, https:\/\/av-abogados.es\/wp-content\/uploads\/2019\/02\/ingles-500x512.png 500w, https:\/\/av-abogados.es\/wp-content\/uploads\/2019\/02\/ingles.png 512w\" sizes=\"(max-width: 30px) 100vw, 30px\" \/> <img loading=\"lazy\" class=\"alignnone wp-image-612\" src=\"http:\/\/av-abogados.es\/wp-content\/uploads\/2019\/02\/frances-300x300.png\" alt=\"\" width=\"30\" height=\"30\" srcset=\"https:\/\/av-abogados.es\/wp-content\/uploads\/2019\/02\/frances-300x300.png 300w, https:\/\/av-abogados.es\/wp-content\/uploads\/2019\/02\/frances-150x150.png 150w, https:\/\/av-abogados.es\/wp-content\/uploads\/2019\/02\/frances-500x512.png 500w, https:\/\/av-abogados.es\/wp-content\/uploads\/2019\/02\/frances.png 512w\" sizes=\"(max-width: 30px) 100vw, 30px\" \/>[\/vc_column_text][vc_column_text css=\u00a0\u00bb.vc_custom_1568026947029{padding-top: 20px !important;}\u00a0\u00bb]Mr. Sergio VILLAR RAMOS is a founding member of the firm AV Abogados (AV Lawyers) since year 2004, and he has been developing his professional activity in all the national scope, but more especially in the area of the Costa del Sol and Costa Blanca since year 2000.<\/p>\n<p>His main practise is focused on procedural law, arbitration and meditation in all the scopes, civil law, town planning, mercantile and bankruptcy law ADMINISTRATIVE AND LABOUR law, having in all of them wide experience and professional recognition.<br \/>\n[\/vc_column_text][\/vc_column][\/vc_row][vc_row css_animation=\u00a0\u00bb\u00a0\u00bb row_type=\u00a0\u00bbrow\u00a0\u00bb use_row_as_full_screen_section=\u00a0\u00bbno\u00a0\u00bb type=\u00a0\u00bbgrid\u00a0\u00bb angled_section=\u00a0\u00bbno\u00a0\u00bb text_align=\u00a0\u00bbleft\u00a0\u00bb background_image_as_pattern=\u00a0\u00bbwithout_pattern\u00a0\u00bb z_index=\u00a0\u00bb\u00a0\u00bb css=\u00a0\u00bb.vc_custom_1560456187947{padding-top: 25px !important;padding-bottom: 25px !important;}\u00a0\u00bb][vc_column offset=\u00a0\u00bbvc_hidden-xs\u00a0\u00bb][vc_column_text]<strong>Principaux domaines de competences: <\/strong>Droit Immobilier, Droit de l\u2019urbanisme, Droit des \u00e9trangers, Droit des affaires, Droit civil, Droit de la famille, Tous les domaines du droit judiciaire, Droit Public, Droit des entreprises en difficult\u00e9, Droit p\u00e9nal, Droit du Travail, Arbitrage et m\u00e9diation, Trafic et code de la route, Droit des assurances, Droit bancaire.<\/p>\n<p>&nbsp;<\/p>\n<p><strong>Associations professionnelles:<\/strong> Membre de l\u2019Ordre des avocats de Malaga[\/vc_column_text][\/vc_column][\/vc_row][vc_row css_animation=\u00a0\u00bb\u00a0\u00bb row_type=\u00a0\u00bbrow\u00a0\u00bb use_row_as_full_screen_section=\u00a0\u00bbno\u00a0\u00bb type=\u00a0\u00bbgrid\u00a0\u00bb angled_section=\u00a0\u00bbno\u00a0\u00bb text_align=\u00a0\u00bbleft\u00a0\u00bb background_image_as_pattern=\u00a0\u00bbwithout_pattern\u00a0\u00bb z_index=\u00a0\u00bb\u00a0\u00bb css=\u00a0\u00bb.vc_custom_1559843455495{padding-bottom: 50px !important;}\u00a0\u00bb][vc_column width=\u00a0\u00bb1\/2&Prime;][vc_column_text css=\u00a0\u00bb.vc_custom_1568030198624{padding-top: 20px !important;}\u00a0\u00bb]<strong>Formation<\/strong><br \/>\no Licenci\u00e9 en Droit, Universit\u00e9 de Granada, 2000.<br \/>\no Expert universitaire en urbanisme et en gestion d\u2019entreprises de construction et Immobili\u00e8res, Universit\u00e9 de Malaga.<br \/>\no Expert en droit des entreprises en difficult\u00e9, reconnu par l\u2019IEDE Business School, Universit\u00e9 Europea de Madrid.<br \/>\no Cours pratique et sp\u00e9cialisation en droit des entreprises en difficult\u00e9, reconnu par l\u2019Universit\u00e9 San Pablo CEU de Madrid.[\/vc_column_text][\/vc_column][vc_column width=\u00a0\u00bb1\/2&Prime;][vc_column_text css=\u00a0\u00bb.vc_custom_1568030217241{padding-top: 20px !important;}\u00a0\u00bb]o Cours de sp\u00e9cialiste en droit des entreprises en difficult\u00e9 et en droit du travail.<\/p>\n<p>o Cours de sp\u00e9cialiste en m\u00e9diation. Exercice de l\u2019activit\u00e9 de m\u00e9diation civile et commerciale au sein du Conseil G\u00e9n\u00e9ral de la Profession Judiciaire espagnole.<br \/>\no Expert universitaire en droit des entreprises en difficult\u00e9, Universit\u00e9 Internationale d\u2019Andalousie.<br \/>\no Expert universitaire en droit des soci\u00e9t\u00e9s, Universit\u00e9 Internationale d\u2019Andalousie.<br \/>\no Sp\u00e9cialiste en actions de pr\u00e9f\u00e9rence et en pr\u00eats hypoth\u00e9caires : tutelle du consommateur.[\/vc_column_text][\/vc_column][\/vc_row]<\/p>\n","protected":false},"excerpt":{"rendered":"<p>[vc_row css_animation=\u00a0\u00bb\u00a0\u00bb row_type=\u00a0\u00bbrow\u00a0\u00bb use_row_as_full_screen_section=\u00a0\u00bbno\u00a0\u00bb type=\u00a0\u00bbfull_width\u00a0\u00bb angled_section=\u00a0\u00bbno\u00a0\u00bb text_align=\u00a0\u00bbcenter\u00a0\u00bb background_image_as_pattern=\u00a0\u00bbwithout_pattern\u00a0\u00bb css=\u00a0\u00bb.vc_custom_1675187090862{margin-bottom: 100px !important;padding-top: 150px !important;padding-right: 200px !important;padding-bottom: 150px !important;padding-left: 200px !important;background-color: #fa9638 !important;background-position: center !important;background-repeat: no-repeat !important;background-size: cover !important;}\u00a0\u00bb z_index=\u00a0\u00bb\u00a0\u00bb][vc_column][vc_column_text] PROFESSIONNELS HAUTEMENT QUALIFI\u00c9S [\/vc_column_text][vc_column_text] Nous nous distinguons et nous nous caract\u00e9risons par la transparence et la qualit\u00e9&#8230;<\/p>\n","protected":false},"author":1,"featured_media":0,"parent":0,"menu_order":0,"comment_status":"closed","ping_status":"closed","template":"full_width.php","meta":[],"yoast_head":"<!-- This site is optimized with the Yoast SEO plugin v19.1 - https:\/\/yoast.com\/wordpress\/plugins\/seo\/ -->\n<title>\u00c9quipe - AV Abogados<\/title>\n<meta name=\"robots\" content=\"index, follow, max-snippet:-1, max-image-preview:large, max-video-preview:-1\" \/>\n<link rel=\"canonical\" href=\"https:\/\/av-abogados.es\/fr\/equipe\/\" \/>\n<meta property=\"og:locale\" content=\"fr_FR\" \/>\n<meta property=\"og:type\" content=\"article\" \/>\n<meta property=\"og:title\" content=\"\u00c9quipe - AV Abogados\" \/>\n<meta property=\"og:description\" content=\"[vc_row css_animation=\u00a0\u00bb\u00a0\u00bb row_type=\u00a0\u00bbrow\u00a0\u00bb use_row_as_full_screen_section=\u00a0\u00bbno\u00a0\u00bb type=\u00a0\u00bbfull_width\u00a0\u00bb angled_section=\u00a0\u00bbno\u00a0\u00bb text_align=\u00a0\u00bbcenter\u00a0\u00bb background_image_as_pattern=\u00a0\u00bbwithout_pattern\u00a0\u00bb css=\u00a0\u00bb.vc_custom_1675187090862{margin-bottom: 100px !important;padding-top: 150px !important;padding-right: 200px !important;padding-bottom: 150px !important;padding-left: 200px !important;background-color: #fa9638 !important;background-position: center !important;background-repeat: no-repeat !important;background-size: cover !important;}\u00a0\u00bb z_index=\u00a0\u00bb\u00a0\u00bb][vc_column][vc_column_text] PROFESSIONNELS HAUTEMENT QUALIFI\u00c9S [\/vc_column_text][vc_column_text] Nous nous distinguons et nous nous caract\u00e9risons par la transparence et la qualit\u00e9...\" \/>\n<meta property=\"og:url\" content=\"https:\/\/av-abogados.es\/fr\/equipe\/\" \/>\n<meta property=\"og:site_name\" content=\"AV Abogados\" \/>\n<meta property=\"article:modified_time\" content=\"2023-01-31T17:44:53+00:00\" \/>\n<meta property=\"og:image\" content=\"http:\/\/av-abogados.es\/wp-content\/uploads\/2019\/02\/espanol-150x150.png\" \/>\n<meta name=\"twitter:card\" content=\"summary_large_image\" \/>\n<meta name=\"twitter:label1\" content=\"Dur\u00e9e de lecture estim\u00e9e\" \/>\n\t<meta name=\"twitter:data1\" content=\"7 minutes\" \/>\n<script type=\"application\/ld+json\" class=\"yoast-schema-graph\">{\"@context\":\"https:\/\/schema.org\",\"@graph\":[{\"@type\":\"WebSite\",\"@id\":\"https:\/\/av-abogados.es\/#website\",\"url\":\"https:\/\/av-abogados.es\/\",\"name\":\"AV Abogados\",\"description\":\"Abogados y asesores tributarios en Marbella\",\"potentialAction\":[{\"@type\":\"SearchAction\",\"target\":{\"@type\":\"EntryPoint\",\"urlTemplate\":\"https:\/\/av-abogados.es\/?s={search_term_string}\"},\"query-input\":\"required name=search_term_string\"}],\"inLanguage\":\"fr-FR\"},{\"@type\":\"ImageObject\",\"inLanguage\":\"fr-FR\",\"@id\":\"https:\/\/av-abogados.es\/fr\/equipe\/#primaryimage\",\"url\":\"http:\/\/av-abogados.es\/wp-content\/uploads\/2019\/02\/espanol-150x150.png\",\"contentUrl\":\"http:\/\/av-abogados.es\/wp-content\/uploads\/2019\/02\/espanol-150x150.png\"},{\"@type\":\"WebPage\",\"@id\":\"https:\/\/av-abogados.es\/fr\/equipe\/#webpage\",\"url\":\"https:\/\/av-abogados.es\/fr\/equipe\/\",\"name\":\"\u00c9quipe - AV Abogados\",\"isPartOf\":{\"@id\":\"https:\/\/av-abogados.es\/#website\"},\"primaryImageOfPage\":{\"@id\":\"https:\/\/av-abogados.es\/fr\/equipe\/#primaryimage\"},\"datePublished\":\"2019-09-09T11:29:35+00:00\",\"dateModified\":\"2023-01-31T17:44:53+00:00\",\"breadcrumb\":{\"@id\":\"https:\/\/av-abogados.es\/fr\/equipe\/#breadcrumb\"},\"inLanguage\":\"fr-FR\",\"potentialAction\":[{\"@type\":\"ReadAction\",\"target\":[\"https:\/\/av-abogados.es\/fr\/equipe\/\"]}]},{\"@type\":\"BreadcrumbList\",\"@id\":\"https:\/\/av-abogados.es\/fr\/equipe\/#breadcrumb\",\"itemListElement\":[{\"@type\":\"ListItem\",\"position\":1,\"name\":\"Portada\",\"item\":\"https:\/\/av-abogados.es\/fr\/\"},{\"@type\":\"ListItem\",\"position\":2,\"name\":\"\u00c9quipe\"}]}]}<\/script>\n<!-- \/ Yoast SEO plugin. -->","yoast_head_json":{"title":"\u00c9quipe - AV Abogados","robots":{"index":"index","follow":"follow","max-snippet":"max-snippet:-1","max-image-preview":"max-image-preview:large","max-video-preview":"max-video-preview:-1"},"canonical":"https:\/\/av-abogados.es\/fr\/equipe\/","og_locale":"fr_FR","og_type":"article","og_title":"\u00c9quipe - AV Abogados","og_description":"[vc_row css_animation=\u00a0\u00bb\u00a0\u00bb row_type=\u00a0\u00bbrow\u00a0\u00bb use_row_as_full_screen_section=\u00a0\u00bbno\u00a0\u00bb type=\u00a0\u00bbfull_width\u00a0\u00bb angled_section=\u00a0\u00bbno\u00a0\u00bb text_align=\u00a0\u00bbcenter\u00a0\u00bb background_image_as_pattern=\u00a0\u00bbwithout_pattern\u00a0\u00bb css=\u00a0\u00bb.vc_custom_1675187090862{margin-bottom: 100px !important;padding-top: 150px !important;padding-right: 200px !important;padding-bottom: 150px !important;padding-left: 200px !important;background-color: #fa9638 !important;background-position: center !important;background-repeat: no-repeat !important;background-size: cover !important;}\u00a0\u00bb z_index=\u00a0\u00bb\u00a0\u00bb][vc_column][vc_column_text] PROFESSIONNELS HAUTEMENT QUALIFI\u00c9S [\/vc_column_text][vc_column_text] Nous nous distinguons et nous nous caract\u00e9risons par la transparence et la qualit\u00e9...","og_url":"https:\/\/av-abogados.es\/fr\/equipe\/","og_site_name":"AV Abogados","article_modified_time":"2023-01-31T17:44:53+00:00","og_image":[{"url":"http:\/\/av-abogados.es\/wp-content\/uploads\/2019\/02\/espanol-150x150.png"}],"twitter_card":"summary_large_image","twitter_misc":{"Dur\u00e9e de lecture estim\u00e9e":"7 minutes"},"schema":{"@context":"https:\/\/schema.org","@graph":[{"@type":"WebSite","@id":"https:\/\/av-abogados.es\/#website","url":"https:\/\/av-abogados.es\/","name":"AV Abogados","description":"Abogados y asesores tributarios en Marbella","potentialAction":[{"@type":"SearchAction","target":{"@type":"EntryPoint","urlTemplate":"https:\/\/av-abogados.es\/?s={search_term_string}"},"query-input":"required name=search_term_string"}],"inLanguage":"fr-FR"},{"@type":"ImageObject","inLanguage":"fr-FR","@id":"https:\/\/av-abogados.es\/fr\/equipe\/#primaryimage","url":"http:\/\/av-abogados.es\/wp-content\/uploads\/2019\/02\/espanol-150x150.png","contentUrl":"http:\/\/av-abogados.es\/wp-content\/uploads\/2019\/02\/espanol-150x150.png"},{"@type":"WebPage","@id":"https:\/\/av-abogados.es\/fr\/equipe\/#webpage","url":"https:\/\/av-abogados.es\/fr\/equipe\/","name":"\u00c9quipe - AV Abogados","isPartOf":{"@id":"https:\/\/av-abogados.es\/#website"},"primaryImageOfPage":{"@id":"https:\/\/av-abogados.es\/fr\/equipe\/#primaryimage"},"datePublished":"2019-09-09T11:29:35+00:00","dateModified":"2023-01-31T17:44:53+00:00","breadcrumb":{"@id":"https:\/\/av-abogados.es\/fr\/equipe\/#breadcrumb"},"inLanguage":"fr-FR","potentialAction":[{"@type":"ReadAction","target":["https:\/\/av-abogados.es\/fr\/equipe\/"]}]},{"@type":"BreadcrumbList","@id":"https:\/\/av-abogados.es\/fr\/equipe\/#breadcrumb","itemListElement":[{"@type":"ListItem","position":1,"name":"Portada","item":"https:\/\/av-abogados.es\/fr\/"},{"@type":"ListItem","position":2,"name":"\u00c9quipe"}]}]}},"_links":{"self":[{"href":"https:\/\/av-abogados.es\/fr\/wp-json\/wp\/v2\/pages\/915"}],"collection":[{"href":"https:\/\/av-abogados.es\/fr\/wp-json\/wp\/v2\/pages"}],"about":[{"href":"https:\/\/av-abogados.es\/fr\/wp-json\/wp\/v2\/types\/page"}],"author":[{"embeddable":true,"href":"https:\/\/av-abogados.es\/fr\/wp-json\/wp\/v2\/users\/1"}],"replies":[{"embeddable":true,"href":"https:\/\/av-abogados.es\/fr\/wp-json\/wp\/v2\/comments?post=915"}],"version-history":[{"count":7,"href":"https:\/\/av-abogados.es\/fr\/wp-json\/wp\/v2\/pages\/915\/revisions"}],"predecessor-version":[{"id":1270,"href":"https:\/\/av-abogados.es\/fr\/wp-json\/wp\/v2\/pages\/915\/revisions\/1270"}],"wp:attachment":[{"href":"https:\/\/av-abogados.es\/fr\/wp-json\/wp\/v2\/media?parent=915"}],"curies":[{"name":"wp","href":"https:\/\/api.w.org\/{rel}","templated":true}]}}