{"id":1092,"date":"2019-09-11T09:16:24","date_gmt":"2019-09-11T07:16:24","guid":{"rendered":"http:\/\/av-abogados.es\/fr\/?page_id=1092"},"modified":"2019-09-13T18:57:39","modified_gmt":"2019-09-13T16:57:39","slug":"droit-penal","status":"publish","type":"page","link":"https:\/\/av-abogados.es\/fr\/droit-penal\/","title":{"rendered":"Droit p\u00e9nal"},"content":{"rendered":"<p>[vc_row css_animation=\u00a0\u00bb\u00a0\u00bb row_type=\u00a0\u00bbrow\u00a0\u00bb use_row_as_full_screen_section=\u00a0\u00bbno\u00a0\u00bb type=\u00a0\u00bbfull_width\u00a0\u00bb angled_section=\u00a0\u00bbno\u00a0\u00bb text_align=\u00a0\u00bbleft\u00a0\u00bb background_image_as_pattern=\u00a0\u00bbwithout_pattern\u00a0\u00bb css=\u00a0\u00bb.vc_custom_1550509729747{background-position: center !important;background-repeat: no-repeat !important;background-size: cover !important;}\u00a0\u00bb z_index=\u00a0\u00bb\u00a0\u00bb][vc_column width=\u00a0\u00bb1\/2&Prime; css=\u00a0\u00bb.vc_custom_1568393826789{padding-top: 50px !important;}\u00a0\u00bb][vc_column_text css=\u00a0\u00bb.vc_custom_1568186100905{padding-top: 50px !important;padding-left: 50px !important;}\u00a0\u00bb]<\/p>\n<h1>Droit p\u00e9nal<\/h1>\n<p>Notre cabinet d\u2019avocats intervient dans l\u2019ensemble des domaines du droit p\u00e9nal. Il propose ses services de conseil, d\u2019assistance et de d\u00e9fense devant les tribunaux aux victimes de d\u00e9lits \u00e9conomiques et aux pr\u00e9venus. Il assiste et assure la d\u00e9fense de ses clients en particulier en cas de d\u00e9lits contre le patrimoine et contre l\u2019ORDRE socio-\u00e9conomique (escroquerie, appropriation indue, etc.).<\/p>\n<p>&nbsp;<\/p>\n<p>Notre \u00e9quipe propose \u00e9galement son assistance et ses services de d\u00e9fense dans les cas suivants : d\u00e9lits soci\u00e9taires, insolvabilit\u00e9s punissables, d\u00e9lits contre le Tr\u00e9sor Public et la S\u00e9curit\u00e9 Sociale, d\u00e9lits relatifs \u00e0 l\u2019environnement et \u00e0 l\u2019AM\u00c9NAGEMENT du territoire, d\u00e9lits comptables et ceux li\u00e9s aux activit\u00e9s bancaires et au march\u00e9 des valeurs, d\u00e9lits de faux, responsabilit\u00e9 civile d\u00e9lictuelle, mise en place de programmes de pr\u00e9vention des risques p\u00e9naux, de blanchiment de capitaux, de financement du terrorisme, etc.[\/vc_column_text][vc_row_inner row_type=\u00a0\u00bbrow\u00a0\u00bb type=\u00a0\u00bbfull_width\u00a0\u00bb text_align=\u00a0\u00bbleft\u00a0\u00bb css_animation=\u00a0\u00bb\u00a0\u00bb css=\u00a0\u00bb.vc_custom_1550510131914{padding-top: 50px !important;padding-left: 50px !important;}\u00a0\u00bb][vc_column_inner]<a  itemprop=\"url\" href=\"http:\/\/av-abogados.es\/fr\/contact\/\" target=\"_self\" data-hover-background-color=#1f1b1d data-hover-border-color=#1f1b1d data-hover-color=#ffffff class=\"qbutton  medium default\" style=\"color: #ffffff; border-color: #ec7600; font-style: normal; font-weight: 400; text-transform: uppercase; background-color: #ec7600;\">Demander plus d'informations<\/a>[\/vc_column_inner][\/vc_row_inner][vc_empty_space height=\u00a0\u00bb50&Prime;][\/vc_column][vc_column width=\u00a0\u00bb1\/2&Prime;][vc_single_image image=\u00a0\u00bb476&Prime; img_size=\u00a0\u00bbfull\u00a0\u00bb alignment=\u00a0\u00bbright\u00a0\u00bb qode_css_animation=\u00a0\u00bb\u00a0\u00bb][\/vc_column][\/vc_row]<\/p>\n","protected":false},"excerpt":{"rendered":"<p>[vc_row css_animation=\u00a0\u00bb\u00a0\u00bb row_type=\u00a0\u00bbrow\u00a0\u00bb use_row_as_full_screen_section=\u00a0\u00bbno\u00a0\u00bb type=\u00a0\u00bbfull_width\u00a0\u00bb angled_section=\u00a0\u00bbno\u00a0\u00bb text_align=\u00a0\u00bbleft\u00a0\u00bb background_image_as_pattern=\u00a0\u00bbwithout_pattern\u00a0\u00bb css=\u00a0\u00bb.vc_custom_1550509729747{background-position: center !important;background-repeat: no-repeat !important;background-size: cover !important;}\u00a0\u00bb z_index=\u00a0\u00bb\u00a0\u00bb][vc_column width=\u00a0\u00bb1\/2&Prime; css=\u00a0\u00bb.vc_custom_1568393826789{padding-top: 50px !important;}\u00a0\u00bb][vc_column_text css=\u00a0\u00bb.vc_custom_1568186100905{padding-top: 50px !important;padding-left: 50px !important;}\u00a0\u00bb] Droit p\u00e9nal Notre cabinet d\u2019avocats intervient dans l\u2019ensemble des domaines du droit p\u00e9nal. Il propose ses services de conseil, d\u2019assistance&#8230;<\/p>\n","protected":false},"author":1,"featured_media":476,"parent":0,"menu_order":0,"comment_status":"closed","ping_status":"closed","template":"full_width.php","meta":[],"yoast_head":"<!-- This site is optimized with the Yoast SEO plugin v19.1 - https:\/\/yoast.com\/wordpress\/plugins\/seo\/ -->\n<title>Droit p\u00e9nal - AV Abogados<\/title>\n<meta name=\"description\" content=\"Notre cabinet d\u2019avocats intervient dans l\u2019ensemble des domaines du droit p\u00e9nal. Il propose ses services de conseil, d\u2019assistance et de d\u00e9fense devant les tribunaux aux victimes de d\u00e9lits \u00e9conomiques et aux pr\u00e9venus. Il assiste et assure la d\u00e9fense de ses clients en particulier en cas de d\u00e9lits contre le patrimoine et contre l\u2019ORDRE socio-\u00e9conomique (escroquerie, appropriation indue, etc.).\" \/>\n<meta name=\"robots\" content=\"index, follow, max-snippet:-1, max-image-preview:large, max-video-preview:-1\" \/>\n<link rel=\"canonical\" href=\"https:\/\/av-abogados.es\/fr\/droit-penal\/\" \/>\n<meta property=\"og:locale\" content=\"fr_FR\" \/>\n<meta property=\"og:type\" content=\"article\" \/>\n<meta property=\"og:title\" content=\"Droit p\u00e9nal - AV Abogados\" \/>\n<meta property=\"og:description\" content=\"Notre cabinet d\u2019avocats intervient dans l\u2019ensemble des domaines du droit p\u00e9nal. Il propose ses services de conseil, d\u2019assistance et de d\u00e9fense devant les tribunaux aux victimes de d\u00e9lits \u00e9conomiques et aux pr\u00e9venus. Il assiste et assure la d\u00e9fense de ses clients en particulier en cas de d\u00e9lits contre le patrimoine et contre l\u2019ORDRE socio-\u00e9conomique (escroquerie, appropriation indue, etc.).\" \/>\n<meta property=\"og:url\" content=\"https:\/\/av-abogados.es\/fr\/droit-penal\/\" \/>\n<meta property=\"og:site_name\" content=\"AV Abogados\" \/>\n<meta property=\"article:modified_time\" content=\"2019-09-13T16:57:39+00:00\" \/>\n<meta property=\"og:image\" content=\"https:\/\/av-abogados.es\/wp-content\/uploads\/2019\/02\/derecho-penal-AV-Abogados.jpg\" \/>\n\t<meta property=\"og:image:width\" content=\"800\" \/>\n\t<meta property=\"og:image:height\" content=\"600\" \/>\n\t<meta property=\"og:image:type\" content=\"image\/jpeg\" \/>\n<meta name=\"twitter:card\" content=\"summary_large_image\" \/>\n<meta name=\"twitter:label1\" content=\"Dur\u00e9e de lecture estim\u00e9e\" \/>\n\t<meta name=\"twitter:data1\" content=\"2 minutes\" \/>\n<script type=\"application\/ld+json\" class=\"yoast-schema-graph\">{\"@context\":\"https:\/\/schema.org\",\"@graph\":[{\"@type\":\"WebSite\",\"@id\":\"https:\/\/av-abogados.es\/#website\",\"url\":\"https:\/\/av-abogados.es\/\",\"name\":\"AV Abogados\",\"description\":\"Abogados y asesores tributarios en Marbella\",\"potentialAction\":[{\"@type\":\"SearchAction\",\"target\":{\"@type\":\"EntryPoint\",\"urlTemplate\":\"https:\/\/av-abogados.es\/?s={search_term_string}\"},\"query-input\":\"required name=search_term_string\"}],\"inLanguage\":\"fr-FR\"},{\"@type\":\"ImageObject\",\"inLanguage\":\"fr-FR\",\"@id\":\"https:\/\/av-abogados.es\/fr\/droit-penal\/#primaryimage\",\"url\":\"https:\/\/av-abogados.es\/wp-content\/uploads\/2019\/02\/derecho-penal-AV-Abogados.jpg\",\"contentUrl\":\"https:\/\/av-abogados.es\/wp-content\/uploads\/2019\/02\/derecho-penal-AV-Abogados.jpg\",\"width\":800,\"height\":600},{\"@type\":\"WebPage\",\"@id\":\"https:\/\/av-abogados.es\/fr\/droit-penal\/#webpage\",\"url\":\"https:\/\/av-abogados.es\/fr\/droit-penal\/\",\"name\":\"Droit p\u00e9nal - AV Abogados\",\"isPartOf\":{\"@id\":\"https:\/\/av-abogados.es\/#website\"},\"primaryImageOfPage\":{\"@id\":\"https:\/\/av-abogados.es\/fr\/droit-penal\/#primaryimage\"},\"datePublished\":\"2019-09-11T07:16:24+00:00\",\"dateModified\":\"2019-09-13T16:57:39+00:00\",\"description\":\"Notre cabinet d\u2019avocats intervient dans l\u2019ensemble des domaines du droit p\u00e9nal. Il propose ses services de conseil, d\u2019assistance et de d\u00e9fense devant les tribunaux aux victimes de d\u00e9lits \u00e9conomiques et aux pr\u00e9venus. Il assiste et assure la d\u00e9fense de ses clients en particulier en cas de d\u00e9lits contre le patrimoine et contre l\u2019ORDRE socio-\u00e9conomique (escroquerie, appropriation indue, etc.).\",\"breadcrumb\":{\"@id\":\"https:\/\/av-abogados.es\/fr\/droit-penal\/#breadcrumb\"},\"inLanguage\":\"fr-FR\",\"potentialAction\":[{\"@type\":\"ReadAction\",\"target\":[\"https:\/\/av-abogados.es\/fr\/droit-penal\/\"]}]},{\"@type\":\"BreadcrumbList\",\"@id\":\"https:\/\/av-abogados.es\/fr\/droit-penal\/#breadcrumb\",\"itemListElement\":[{\"@type\":\"ListItem\",\"position\":1,\"name\":\"Portada\",\"item\":\"https:\/\/av-abogados.es\/fr\/\"},{\"@type\":\"ListItem\",\"position\":2,\"name\":\"Droit p\u00e9nal\"}]}]}<\/script>\n<!-- \/ Yoast SEO plugin. -->","yoast_head_json":{"title":"Droit p\u00e9nal - AV Abogados","description":"Notre cabinet d\u2019avocats intervient dans l\u2019ensemble des domaines du droit p\u00e9nal. Il propose ses services de conseil, d\u2019assistance et de d\u00e9fense devant les tribunaux aux victimes de d\u00e9lits \u00e9conomiques et aux pr\u00e9venus. Il assiste et assure la d\u00e9fense de ses clients en particulier en cas de d\u00e9lits contre le patrimoine et contre l\u2019ORDRE socio-\u00e9conomique (escroquerie, appropriation indue, etc.).","robots":{"index":"index","follow":"follow","max-snippet":"max-snippet:-1","max-image-preview":"max-image-preview:large","max-video-preview":"max-video-preview:-1"},"canonical":"https:\/\/av-abogados.es\/fr\/droit-penal\/","og_locale":"fr_FR","og_type":"article","og_title":"Droit p\u00e9nal - AV Abogados","og_description":"Notre cabinet d\u2019avocats intervient dans l\u2019ensemble des domaines du droit p\u00e9nal. Il propose ses services de conseil, d\u2019assistance et de d\u00e9fense devant les tribunaux aux victimes de d\u00e9lits \u00e9conomiques et aux pr\u00e9venus. Il assiste et assure la d\u00e9fense de ses clients en particulier en cas de d\u00e9lits contre le patrimoine et contre l\u2019ORDRE socio-\u00e9conomique (escroquerie, appropriation indue, etc.).","og_url":"https:\/\/av-abogados.es\/fr\/droit-penal\/","og_site_name":"AV Abogados","article_modified_time":"2019-09-13T16:57:39+00:00","og_image":[{"width":800,"height":600,"url":"https:\/\/av-abogados.es\/wp-content\/uploads\/2019\/02\/derecho-penal-AV-Abogados.jpg","type":"image\/jpeg"}],"twitter_card":"summary_large_image","twitter_misc":{"Dur\u00e9e de lecture estim\u00e9e":"2 minutes"},"schema":{"@context":"https:\/\/schema.org","@graph":[{"@type":"WebSite","@id":"https:\/\/av-abogados.es\/#website","url":"https:\/\/av-abogados.es\/","name":"AV Abogados","description":"Abogados y asesores tributarios en Marbella","potentialAction":[{"@type":"SearchAction","target":{"@type":"EntryPoint","urlTemplate":"https:\/\/av-abogados.es\/?s={search_term_string}"},"query-input":"required name=search_term_string"}],"inLanguage":"fr-FR"},{"@type":"ImageObject","inLanguage":"fr-FR","@id":"https:\/\/av-abogados.es\/fr\/droit-penal\/#primaryimage","url":"https:\/\/av-abogados.es\/wp-content\/uploads\/2019\/02\/derecho-penal-AV-Abogados.jpg","contentUrl":"https:\/\/av-abogados.es\/wp-content\/uploads\/2019\/02\/derecho-penal-AV-Abogados.jpg","width":800,"height":600},{"@type":"WebPage","@id":"https:\/\/av-abogados.es\/fr\/droit-penal\/#webpage","url":"https:\/\/av-abogados.es\/fr\/droit-penal\/","name":"Droit p\u00e9nal - AV Abogados","isPartOf":{"@id":"https:\/\/av-abogados.es\/#website"},"primaryImageOfPage":{"@id":"https:\/\/av-abogados.es\/fr\/droit-penal\/#primaryimage"},"datePublished":"2019-09-11T07:16:24+00:00","dateModified":"2019-09-13T16:57:39+00:00","description":"Notre cabinet d\u2019avocats intervient dans l\u2019ensemble des domaines du droit p\u00e9nal. Il propose ses services de conseil, d\u2019assistance et de d\u00e9fense devant les tribunaux aux victimes de d\u00e9lits \u00e9conomiques et aux pr\u00e9venus. Il assiste et assure la d\u00e9fense de ses clients en particulier en cas de d\u00e9lits contre le patrimoine et contre l\u2019ORDRE socio-\u00e9conomique (escroquerie, appropriation indue, etc.).","breadcrumb":{"@id":"https:\/\/av-abogados.es\/fr\/droit-penal\/#breadcrumb"},"inLanguage":"fr-FR","potentialAction":[{"@type":"ReadAction","target":["https:\/\/av-abogados.es\/fr\/droit-penal\/"]}]},{"@type":"BreadcrumbList","@id":"https:\/\/av-abogados.es\/fr\/droit-penal\/#breadcrumb","itemListElement":[{"@type":"ListItem","position":1,"name":"Portada","item":"https:\/\/av-abogados.es\/fr\/"},{"@type":"ListItem","position":2,"name":"Droit p\u00e9nal"}]}]}},"_links":{"self":[{"href":"https:\/\/av-abogados.es\/fr\/wp-json\/wp\/v2\/pages\/1092"}],"collection":[{"href":"https:\/\/av-abogados.es\/fr\/wp-json\/wp\/v2\/pages"}],"about":[{"href":"https:\/\/av-abogados.es\/fr\/wp-json\/wp\/v2\/types\/page"}],"author":[{"embeddable":true,"href":"https:\/\/av-abogados.es\/fr\/wp-json\/wp\/v2\/users\/1"}],"replies":[{"embeddable":true,"href":"https:\/\/av-abogados.es\/fr\/wp-json\/wp\/v2\/comments?post=1092"}],"version-history":[{"count":2,"href":"https:\/\/av-abogados.es\/fr\/wp-json\/wp\/v2\/pages\/1092\/revisions"}],"predecessor-version":[{"id":1190,"href":"https:\/\/av-abogados.es\/fr\/wp-json\/wp\/v2\/pages\/1092\/revisions\/1190"}],"wp:featuredmedia":[{"embeddable":true,"href":"https:\/\/av-abogados.es\/fr\/wp-json\/wp\/v2\/media\/476"}],"wp:attachment":[{"href":"https:\/\/av-abogados.es\/fr\/wp-json\/wp\/v2\/media?parent=1092"}],"curies":[{"name":"wp","href":"https:\/\/api.w.org\/{rel}","templated":true}]}}