{"id":1086,"date":"2019-09-10T17:29:39","date_gmt":"2019-09-10T15:29:39","guid":{"rendered":"http:\/\/av-abogados.es\/fr\/?page_id=1086"},"modified":"2019-09-13T18:53:49","modified_gmt":"2019-09-13T16:53:49","slug":"droit-des-affaires","status":"publish","type":"page","link":"https:\/\/av-abogados.es\/fr\/droit-des-affaires\/","title":{"rendered":"Droit des affaires"},"content":{"rendered":"<p>[vc_row css_animation=\u00a0\u00bb\u00a0\u00bb row_type=\u00a0\u00bbrow\u00a0\u00bb use_row_as_full_screen_section=\u00a0\u00bbno\u00a0\u00bb type=\u00a0\u00bbfull_width\u00a0\u00bb angled_section=\u00a0\u00bbno\u00a0\u00bb text_align=\u00a0\u00bbleft\u00a0\u00bb background_image_as_pattern=\u00a0\u00bbwithout_pattern\u00a0\u00bb css=\u00a0\u00bb.vc_custom_1550509729747{background-position: center !important;background-repeat: no-repeat !important;background-size: cover !important;}\u00a0\u00bb z_index=\u00a0\u00bb\u00a0\u00bb][vc_column width=\u00a0\u00bb1\/2&Prime; css=\u00a0\u00bb.vc_custom_1568393620229{padding-top: 50px !important;}\u00a0\u00bb][vc_column_text css=\u00a0\u00bb.vc_custom_1568129306803{padding-top: 50px !important;padding-left: 50px !important;}\u00a0\u00bb]<\/p>\n<h1>Droit des affaires<\/h1>\n<p>Notre cabinet d\u2019avocats intervient dans tous les domaines du droit des affaires, et en particulier dans les domaines suivants:<\/p>\n<p>&nbsp;<\/p>\n<ul>\n<li>Assistance dans l\u2019\u00e9laboration de contrats commerciaux<\/li>\n<li>Conseil en mati\u00e8re de droit des soci\u00e9t\u00e9s bancaires et de droit financier<\/li>\n<li>Assurances<\/li>\n<li>Entreprises familiales<\/li>\n<li>Conventions de partenariat AVEC les \u00e9tablissements financiers<\/li>\n<li>Clause d\u2019arbitrage dans les statuts d\u2019une soci\u00e9t\u00e9<\/li>\n<li>M\u00e9diation commerciale, etc.<\/li>\n<\/ul>\n<p>[\/vc_column_text][vc_row_inner row_type=\u00a0\u00bbrow\u00a0\u00bb type=\u00a0\u00bbfull_width\u00a0\u00bb text_align=\u00a0\u00bbleft\u00a0\u00bb css_animation=\u00a0\u00bb\u00a0\u00bb css=\u00a0\u00bb.vc_custom_1550510131914{padding-top: 50px !important;padding-left: 50px !important;}\u00a0\u00bb][vc_column_inner]<a  itemprop=\"url\" href=\"http:\/\/av-abogados.es\/fr\/contact\/\" target=\"_self\" data-hover-background-color=#1f1b1d data-hover-border-color=#1f1b1d data-hover-color=#ffffff class=\"qbutton  medium default\" style=\"color: #ffffff; border-color: #ec7600; font-style: normal; font-weight: 400; text-transform: uppercase; background-color: #ec7600;\">Demander plus d'informations<\/a>[\/vc_column_inner][\/vc_row_inner][vc_empty_space height=\u00a0\u00bb50&Prime;][\/vc_column][vc_column width=\u00a0\u00bb1\/2&Prime;][vc_single_image image=\u00a0\u00bb472&Prime; img_size=\u00a0\u00bbfull\u00a0\u00bb alignment=\u00a0\u00bbright\u00a0\u00bb qode_css_animation=\u00a0\u00bb\u00a0\u00bb][\/vc_column][\/vc_row]<\/p>\n","protected":false},"excerpt":{"rendered":"<p>[vc_row css_animation=\u00a0\u00bb\u00a0\u00bb row_type=\u00a0\u00bbrow\u00a0\u00bb use_row_as_full_screen_section=\u00a0\u00bbno\u00a0\u00bb type=\u00a0\u00bbfull_width\u00a0\u00bb angled_section=\u00a0\u00bbno\u00a0\u00bb text_align=\u00a0\u00bbleft\u00a0\u00bb background_image_as_pattern=\u00a0\u00bbwithout_pattern\u00a0\u00bb css=\u00a0\u00bb.vc_custom_1550509729747{background-position: center !important;background-repeat: no-repeat !important;background-size: cover !important;}\u00a0\u00bb z_index=\u00a0\u00bb\u00a0\u00bb][vc_column width=\u00a0\u00bb1\/2&Prime; css=\u00a0\u00bb.vc_custom_1568393620229{padding-top: 50px !important;}\u00a0\u00bb][vc_column_text css=\u00a0\u00bb.vc_custom_1568129306803{padding-top: 50px !important;padding-left: 50px !important;}\u00a0\u00bb] Droit des affaires Notre cabinet d\u2019avocats intervient dans tous les domaines du droit des affaires, et en particulier dans les&#8230;<\/p>\n","protected":false},"author":1,"featured_media":1088,"parent":0,"menu_order":0,"comment_status":"closed","ping_status":"closed","template":"full_width.php","meta":[],"yoast_head":"<!-- This site is optimized with the Yoast SEO plugin v19.1 - https:\/\/yoast.com\/wordpress\/plugins\/seo\/ -->\n<title>Droit des affaires - AV Abogados<\/title>\n<meta name=\"description\" content=\"Notre cabinet d\u2019avocats intervient dans tous les domaines du droit des affaires, et en PARTICULIER dans les domaines suivants:Assistance dans l\u2019\u00e9laboration de contrats commerciaux, etc\" \/>\n<meta name=\"robots\" content=\"index, follow, max-snippet:-1, max-image-preview:large, max-video-preview:-1\" \/>\n<link rel=\"canonical\" href=\"https:\/\/av-abogados.es\/fr\/droit-des-affaires\/\" \/>\n<meta property=\"og:locale\" content=\"fr_FR\" \/>\n<meta property=\"og:type\" content=\"article\" \/>\n<meta property=\"og:title\" content=\"Droit des affaires - AV Abogados\" \/>\n<meta property=\"og:description\" content=\"Notre cabinet d\u2019avocats intervient dans tous les domaines du droit des affaires, et en PARTICULIER dans les domaines suivants:Assistance dans l\u2019\u00e9laboration de contrats commerciaux, etc\" \/>\n<meta property=\"og:url\" content=\"https:\/\/av-abogados.es\/fr\/droit-des-affaires\/\" \/>\n<meta property=\"og:site_name\" content=\"AV Abogados\" \/>\n<meta property=\"article:modified_time\" content=\"2019-09-13T16:53:49+00:00\" \/>\n<meta property=\"og:image\" content=\"https:\/\/av-abogados.es\/wp-content\/uploads\/2019\/02\/derecho-mercantil.jpg\" \/>\n\t<meta property=\"og:image:width\" content=\"800\" \/>\n\t<meta property=\"og:image:height\" content=\"600\" \/>\n\t<meta property=\"og:image:type\" content=\"image\/jpeg\" \/>\n<meta name=\"twitter:card\" content=\"summary_large_image\" \/>\n<meta name=\"twitter:label1\" content=\"Dur\u00e9e de lecture estim\u00e9e\" \/>\n\t<meta name=\"twitter:data1\" content=\"1 minute\" \/>\n<script type=\"application\/ld+json\" class=\"yoast-schema-graph\">{\"@context\":\"https:\/\/schema.org\",\"@graph\":[{\"@type\":\"WebSite\",\"@id\":\"https:\/\/av-abogados.es\/#website\",\"url\":\"https:\/\/av-abogados.es\/\",\"name\":\"AV Abogados\",\"description\":\"Abogados y asesores tributarios en Marbella\",\"potentialAction\":[{\"@type\":\"SearchAction\",\"target\":{\"@type\":\"EntryPoint\",\"urlTemplate\":\"https:\/\/av-abogados.es\/?s={search_term_string}\"},\"query-input\":\"required name=search_term_string\"}],\"inLanguage\":\"fr-FR\"},{\"@type\":\"ImageObject\",\"inLanguage\":\"fr-FR\",\"@id\":\"https:\/\/av-abogados.es\/fr\/droit-des-affaires\/#primaryimage\",\"url\":\"https:\/\/av-abogados.es\/wp-content\/uploads\/2019\/02\/derecho-mercantil.jpg\",\"contentUrl\":\"https:\/\/av-abogados.es\/wp-content\/uploads\/2019\/02\/derecho-mercantil.jpg\",\"width\":800,\"height\":600},{\"@type\":\"WebPage\",\"@id\":\"https:\/\/av-abogados.es\/fr\/droit-des-affaires\/#webpage\",\"url\":\"https:\/\/av-abogados.es\/fr\/droit-des-affaires\/\",\"name\":\"Droit des affaires - AV Abogados\",\"isPartOf\":{\"@id\":\"https:\/\/av-abogados.es\/#website\"},\"primaryImageOfPage\":{\"@id\":\"https:\/\/av-abogados.es\/fr\/droit-des-affaires\/#primaryimage\"},\"datePublished\":\"2019-09-10T15:29:39+00:00\",\"dateModified\":\"2019-09-13T16:53:49+00:00\",\"description\":\"Notre cabinet d\u2019avocats intervient dans tous les domaines du droit des affaires, et en PARTICULIER dans les domaines suivants:Assistance dans l\u2019\u00e9laboration de contrats commerciaux, etc\",\"breadcrumb\":{\"@id\":\"https:\/\/av-abogados.es\/fr\/droit-des-affaires\/#breadcrumb\"},\"inLanguage\":\"fr-FR\",\"potentialAction\":[{\"@type\":\"ReadAction\",\"target\":[\"https:\/\/av-abogados.es\/fr\/droit-des-affaires\/\"]}]},{\"@type\":\"BreadcrumbList\",\"@id\":\"https:\/\/av-abogados.es\/fr\/droit-des-affaires\/#breadcrumb\",\"itemListElement\":[{\"@type\":\"ListItem\",\"position\":1,\"name\":\"Portada\",\"item\":\"https:\/\/av-abogados.es\/fr\/\"},{\"@type\":\"ListItem\",\"position\":2,\"name\":\"Droit des affaires\"}]}]}<\/script>\n<!-- \/ Yoast SEO plugin. -->","yoast_head_json":{"title":"Droit des affaires - AV Abogados","description":"Notre cabinet d\u2019avocats intervient dans tous les domaines du droit des affaires, et en PARTICULIER dans les domaines suivants:Assistance dans l\u2019\u00e9laboration de contrats commerciaux, etc","robots":{"index":"index","follow":"follow","max-snippet":"max-snippet:-1","max-image-preview":"max-image-preview:large","max-video-preview":"max-video-preview:-1"},"canonical":"https:\/\/av-abogados.es\/fr\/droit-des-affaires\/","og_locale":"fr_FR","og_type":"article","og_title":"Droit des affaires - AV Abogados","og_description":"Notre cabinet d\u2019avocats intervient dans tous les domaines du droit des affaires, et en PARTICULIER dans les domaines suivants:Assistance dans l\u2019\u00e9laboration de contrats commerciaux, etc","og_url":"https:\/\/av-abogados.es\/fr\/droit-des-affaires\/","og_site_name":"AV Abogados","article_modified_time":"2019-09-13T16:53:49+00:00","og_image":[{"width":800,"height":600,"url":"https:\/\/av-abogados.es\/wp-content\/uploads\/2019\/02\/derecho-mercantil.jpg","type":"image\/jpeg"}],"twitter_card":"summary_large_image","twitter_misc":{"Dur\u00e9e de lecture estim\u00e9e":"1 minute"},"schema":{"@context":"https:\/\/schema.org","@graph":[{"@type":"WebSite","@id":"https:\/\/av-abogados.es\/#website","url":"https:\/\/av-abogados.es\/","name":"AV Abogados","description":"Abogados y asesores tributarios en Marbella","potentialAction":[{"@type":"SearchAction","target":{"@type":"EntryPoint","urlTemplate":"https:\/\/av-abogados.es\/?s={search_term_string}"},"query-input":"required name=search_term_string"}],"inLanguage":"fr-FR"},{"@type":"ImageObject","inLanguage":"fr-FR","@id":"https:\/\/av-abogados.es\/fr\/droit-des-affaires\/#primaryimage","url":"https:\/\/av-abogados.es\/wp-content\/uploads\/2019\/02\/derecho-mercantil.jpg","contentUrl":"https:\/\/av-abogados.es\/wp-content\/uploads\/2019\/02\/derecho-mercantil.jpg","width":800,"height":600},{"@type":"WebPage","@id":"https:\/\/av-abogados.es\/fr\/droit-des-affaires\/#webpage","url":"https:\/\/av-abogados.es\/fr\/droit-des-affaires\/","name":"Droit des affaires - AV Abogados","isPartOf":{"@id":"https:\/\/av-abogados.es\/#website"},"primaryImageOfPage":{"@id":"https:\/\/av-abogados.es\/fr\/droit-des-affaires\/#primaryimage"},"datePublished":"2019-09-10T15:29:39+00:00","dateModified":"2019-09-13T16:53:49+00:00","description":"Notre cabinet d\u2019avocats intervient dans tous les domaines du droit des affaires, et en PARTICULIER dans les domaines suivants:Assistance dans l\u2019\u00e9laboration de contrats commerciaux, etc","breadcrumb":{"@id":"https:\/\/av-abogados.es\/fr\/droit-des-affaires\/#breadcrumb"},"inLanguage":"fr-FR","potentialAction":[{"@type":"ReadAction","target":["https:\/\/av-abogados.es\/fr\/droit-des-affaires\/"]}]},{"@type":"BreadcrumbList","@id":"https:\/\/av-abogados.es\/fr\/droit-des-affaires\/#breadcrumb","itemListElement":[{"@type":"ListItem","position":1,"name":"Portada","item":"https:\/\/av-abogados.es\/fr\/"},{"@type":"ListItem","position":2,"name":"Droit des affaires"}]}]}},"_links":{"self":[{"href":"https:\/\/av-abogados.es\/fr\/wp-json\/wp\/v2\/pages\/1086"}],"collection":[{"href":"https:\/\/av-abogados.es\/fr\/wp-json\/wp\/v2\/pages"}],"about":[{"href":"https:\/\/av-abogados.es\/fr\/wp-json\/wp\/v2\/types\/page"}],"author":[{"embeddable":true,"href":"https:\/\/av-abogados.es\/fr\/wp-json\/wp\/v2\/users\/1"}],"replies":[{"embeddable":true,"href":"https:\/\/av-abogados.es\/fr\/wp-json\/wp\/v2\/comments?post=1086"}],"version-history":[{"count":2,"href":"https:\/\/av-abogados.es\/fr\/wp-json\/wp\/v2\/pages\/1086\/revisions"}],"predecessor-version":[{"id":1185,"href":"https:\/\/av-abogados.es\/fr\/wp-json\/wp\/v2\/pages\/1086\/revisions\/1185"}],"wp:featuredmedia":[{"embeddable":true,"href":"https:\/\/av-abogados.es\/fr\/wp-json\/wp\/v2\/media\/1088"}],"wp:attachment":[{"href":"https:\/\/av-abogados.es\/fr\/wp-json\/wp\/v2\/media?parent=1086"}],"curies":[{"name":"wp","href":"https:\/\/api.w.org\/{rel}","templated":true}]}}