{"id":1029,"date":"2019-09-10T14:15:37","date_gmt":"2019-09-10T12:15:37","guid":{"rendered":"http:\/\/av-abogados.es\/fr\/?page_id=1029"},"modified":"2019-09-13T18:52:17","modified_gmt":"2019-09-13T16:52:17","slug":"droit-des-etrangers","status":"publish","type":"page","link":"https:\/\/av-abogados.es\/fr\/droit-des-etrangers\/","title":{"rendered":"Droit des \u00e9trangers"},"content":{"rendered":"<p>[vc_row css_animation=\u00a0\u00bb\u00a0\u00bb row_type=\u00a0\u00bbrow\u00a0\u00bb use_row_as_full_screen_section=\u00a0\u00bbno\u00a0\u00bb type=\u00a0\u00bbfull_width\u00a0\u00bb angled_section=\u00a0\u00bbno\u00a0\u00bb text_align=\u00a0\u00bbleft\u00a0\u00bb background_image_as_pattern=\u00a0\u00bbwithout_pattern\u00a0\u00bb css=\u00a0\u00bb.vc_custom_1550509729747{background-position: center !important;background-repeat: no-repeat !important;background-size: cover !important;}\u00a0\u00bb z_index=\u00a0\u00bb\u00a0\u00bb][vc_column width=\u00a0\u00bb1\/2&Prime; css=\u00a0\u00bb.vc_custom_1568393534279{padding-top: 50px !important;}\u00a0\u00bb][vc_column_text css=\u00a0\u00bb.vc_custom_1568117701712{padding-top: 50px !important;padding-left: 50px !important;}\u00a0\u00bb]<\/p>\n<h1>Droit des \u00e9trangers<\/h1>\n<p>Les services juridiques fournis couvrent tous les domaines du droit des \u00e9trangers, et en PARTICULIER ceux relatifs \u00e0 la r\u00e9sidence et \u00e0 la demande de naturalisation ou d\u2019acquisition de la nationalit\u00e9 du pays de r\u00e9sidence des personnes \u00e9trang\u00e8res.<\/p>\n<p>&nbsp;<\/p>\n<p>Notre \u00e9quipe propose son expertise et ses services de conseil pour toute proc\u00e9dure de demande de titres de s\u00e9jour, essentiellement aupr\u00e8s de la communaut\u00e9 s\u00e9farade (droit au s\u00e9jour au titre des liens personnels et familiaux et du regroupement familial, carte de s\u00e9jour \u00ab \u00c9TUDIANT \u00bb, carte de s\u00e9jour \u00ab visiteur \u00bb, etc.)<\/p>\n<p>Notre \u00e9quipe assiste \u00e9galement ses clients lors des proc\u00e9dures suivantes : certificats de r\u00e9sidence pour les ressortissants de l\u2019Union Europ\u00e9enne, certificats de r\u00e9sidence fiscale en Espagne, demande de naturalisation ou d\u2019acquisition de la nationalit\u00e9 espagnole et obtention du NIE (Num\u00e9ro d\u2019Identification des \u00c9trangers).<br \/>\n[\/vc_column_text][vc_row_inner row_type=\u00a0\u00bbrow\u00a0\u00bb type=\u00a0\u00bbfull_width\u00a0\u00bb text_align=\u00a0\u00bbleft\u00a0\u00bb css_animation=\u00a0\u00bb\u00a0\u00bb css=\u00a0\u00bb.vc_custom_1550510131914{padding-top: 50px !important;padding-left: 50px !important;}\u00a0\u00bb][vc_column_inner]<a  itemprop=\"url\" href=\"http:\/\/av-abogados.es\/fr\/contact\/\" target=\"_self\" data-hover-background-color=#1f1b1d data-hover-border-color=#1f1b1d data-hover-color=#ffffff class=\"qbutton  medium default\" style=\"color: #ffffff; border-color: #ec7600; font-style: normal; font-weight: 400; text-transform: uppercase; background-color: #ec7600;\">Demander plus d'informations<\/a>[\/vc_column_inner][\/vc_row_inner][vc_empty_space height=\u00a0\u00bb50&Prime;][\/vc_column][vc_column width=\u00a0\u00bb1\/2&Prime;][vc_single_image image=\u00a0\u00bb445&Prime; img_size=\u00a0\u00bbfull\u00a0\u00bb alignment=\u00a0\u00bbright\u00a0\u00bb qode_css_animation=\u00a0\u00bb\u00a0\u00bb][\/vc_column][\/vc_row]<\/p>\n","protected":false},"excerpt":{"rendered":"<p>[vc_row css_animation=\u00a0\u00bb\u00a0\u00bb row_type=\u00a0\u00bbrow\u00a0\u00bb use_row_as_full_screen_section=\u00a0\u00bbno\u00a0\u00bb type=\u00a0\u00bbfull_width\u00a0\u00bb angled_section=\u00a0\u00bbno\u00a0\u00bb text_align=\u00a0\u00bbleft\u00a0\u00bb background_image_as_pattern=\u00a0\u00bbwithout_pattern\u00a0\u00bb css=\u00a0\u00bb.vc_custom_1550509729747{background-position: center !important;background-repeat: no-repeat !important;background-size: cover !important;}\u00a0\u00bb z_index=\u00a0\u00bb\u00a0\u00bb][vc_column width=\u00a0\u00bb1\/2&Prime; css=\u00a0\u00bb.vc_custom_1568393534279{padding-top: 50px !important;}\u00a0\u00bb][vc_column_text css=\u00a0\u00bb.vc_custom_1568117701712{padding-top: 50px !important;padding-left: 50px !important;}\u00a0\u00bb] Droit des \u00e9trangers Les services juridiques fournis couvrent tous les domaines du droit des \u00e9trangers, et en PARTICULIER ceux relatifs&#8230;<\/p>\n","protected":false},"author":1,"featured_media":972,"parent":0,"menu_order":0,"comment_status":"closed","ping_status":"closed","template":"full_width.php","meta":[],"yoast_head":"<!-- This site is optimized with the Yoast SEO plugin v19.1 - https:\/\/yoast.com\/wordpress\/plugins\/seo\/ -->\n<title>Droit des \u00e9trangers - AV Abogados<\/title>\n<meta name=\"description\" content=\"Les services juridiques fournis couvrent tous les domaines du droit des \u00e9trangers, et en PARTICULIER ceux relatifs \u00e0 la r\u00e9sidence et \u00e0 la demande de naturalisation ou d\u2019acquisition de la nationalit\u00e9 du pays de r\u00e9sidence des personnes \u00e9trang\u00e8res.\" \/>\n<meta name=\"robots\" content=\"index, follow, max-snippet:-1, max-image-preview:large, max-video-preview:-1\" \/>\n<link rel=\"canonical\" href=\"https:\/\/av-abogados.es\/fr\/droit-des-etrangers\/\" \/>\n<meta property=\"og:locale\" content=\"fr_FR\" \/>\n<meta property=\"og:type\" content=\"article\" \/>\n<meta property=\"og:title\" content=\"Droit des \u00e9trangers - AV Abogados\" \/>\n<meta property=\"og:description\" content=\"Les services juridiques fournis couvrent tous les domaines du droit des \u00e9trangers, et en PARTICULIER ceux relatifs \u00e0 la r\u00e9sidence et \u00e0 la demande de naturalisation ou d\u2019acquisition de la nationalit\u00e9 du pays de r\u00e9sidence des personnes \u00e9trang\u00e8res.\" \/>\n<meta property=\"og:url\" content=\"https:\/\/av-abogados.es\/fr\/droit-des-etrangers\/\" \/>\n<meta property=\"og:site_name\" content=\"AV Abogados\" \/>\n<meta property=\"article:modified_time\" content=\"2019-09-13T16:52:17+00:00\" \/>\n<meta property=\"og:image\" content=\"https:\/\/av-abogados.es\/wp-content\/uploads\/2019\/02\/Derecho-extranjeria.jpg\" \/>\n\t<meta property=\"og:image:width\" content=\"800\" \/>\n\t<meta property=\"og:image:height\" content=\"600\" \/>\n\t<meta property=\"og:image:type\" content=\"image\/jpeg\" \/>\n<meta name=\"twitter:card\" content=\"summary_large_image\" \/>\n<meta name=\"twitter:label1\" content=\"Dur\u00e9e de lecture estim\u00e9e\" \/>\n\t<meta name=\"twitter:data1\" content=\"2 minutes\" \/>\n<script type=\"application\/ld+json\" class=\"yoast-schema-graph\">{\"@context\":\"https:\/\/schema.org\",\"@graph\":[{\"@type\":\"WebSite\",\"@id\":\"https:\/\/av-abogados.es\/#website\",\"url\":\"https:\/\/av-abogados.es\/\",\"name\":\"AV Abogados\",\"description\":\"Abogados y asesores tributarios en Marbella\",\"potentialAction\":[{\"@type\":\"SearchAction\",\"target\":{\"@type\":\"EntryPoint\",\"urlTemplate\":\"https:\/\/av-abogados.es\/?s={search_term_string}\"},\"query-input\":\"required name=search_term_string\"}],\"inLanguage\":\"fr-FR\"},{\"@type\":\"ImageObject\",\"inLanguage\":\"fr-FR\",\"@id\":\"https:\/\/av-abogados.es\/fr\/droit-des-etrangers\/#primaryimage\",\"url\":\"https:\/\/av-abogados.es\/wp-content\/uploads\/2019\/02\/Derecho-extranjeria.jpg\",\"contentUrl\":\"https:\/\/av-abogados.es\/wp-content\/uploads\/2019\/02\/Derecho-extranjeria.jpg\",\"width\":800,\"height\":600},{\"@type\":\"WebPage\",\"@id\":\"https:\/\/av-abogados.es\/fr\/droit-des-etrangers\/#webpage\",\"url\":\"https:\/\/av-abogados.es\/fr\/droit-des-etrangers\/\",\"name\":\"Droit des \u00e9trangers - AV Abogados\",\"isPartOf\":{\"@id\":\"https:\/\/av-abogados.es\/#website\"},\"primaryImageOfPage\":{\"@id\":\"https:\/\/av-abogados.es\/fr\/droit-des-etrangers\/#primaryimage\"},\"datePublished\":\"2019-09-10T12:15:37+00:00\",\"dateModified\":\"2019-09-13T16:52:17+00:00\",\"description\":\"Les services juridiques fournis couvrent tous les domaines du droit des \u00e9trangers, et en PARTICULIER ceux relatifs \u00e0 la r\u00e9sidence et \u00e0 la demande de naturalisation ou d\u2019acquisition de la nationalit\u00e9 du pays de r\u00e9sidence des personnes \u00e9trang\u00e8res.\",\"breadcrumb\":{\"@id\":\"https:\/\/av-abogados.es\/fr\/droit-des-etrangers\/#breadcrumb\"},\"inLanguage\":\"fr-FR\",\"potentialAction\":[{\"@type\":\"ReadAction\",\"target\":[\"https:\/\/av-abogados.es\/fr\/droit-des-etrangers\/\"]}]},{\"@type\":\"BreadcrumbList\",\"@id\":\"https:\/\/av-abogados.es\/fr\/droit-des-etrangers\/#breadcrumb\",\"itemListElement\":[{\"@type\":\"ListItem\",\"position\":1,\"name\":\"Portada\",\"item\":\"https:\/\/av-abogados.es\/fr\/\"},{\"@type\":\"ListItem\",\"position\":2,\"name\":\"Droit des \u00e9trangers\"}]}]}<\/script>\n<!-- \/ Yoast SEO plugin. -->","yoast_head_json":{"title":"Droit des \u00e9trangers - AV Abogados","description":"Les services juridiques fournis couvrent tous les domaines du droit des \u00e9trangers, et en PARTICULIER ceux relatifs \u00e0 la r\u00e9sidence et \u00e0 la demande de naturalisation ou d\u2019acquisition de la nationalit\u00e9 du pays de r\u00e9sidence des personnes \u00e9trang\u00e8res.","robots":{"index":"index","follow":"follow","max-snippet":"max-snippet:-1","max-image-preview":"max-image-preview:large","max-video-preview":"max-video-preview:-1"},"canonical":"https:\/\/av-abogados.es\/fr\/droit-des-etrangers\/","og_locale":"fr_FR","og_type":"article","og_title":"Droit des \u00e9trangers - AV Abogados","og_description":"Les services juridiques fournis couvrent tous les domaines du droit des \u00e9trangers, et en PARTICULIER ceux relatifs \u00e0 la r\u00e9sidence et \u00e0 la demande de naturalisation ou d\u2019acquisition de la nationalit\u00e9 du pays de r\u00e9sidence des personnes \u00e9trang\u00e8res.","og_url":"https:\/\/av-abogados.es\/fr\/droit-des-etrangers\/","og_site_name":"AV Abogados","article_modified_time":"2019-09-13T16:52:17+00:00","og_image":[{"width":800,"height":600,"url":"https:\/\/av-abogados.es\/wp-content\/uploads\/2019\/02\/Derecho-extranjeria.jpg","type":"image\/jpeg"}],"twitter_card":"summary_large_image","twitter_misc":{"Dur\u00e9e de lecture estim\u00e9e":"2 minutes"},"schema":{"@context":"https:\/\/schema.org","@graph":[{"@type":"WebSite","@id":"https:\/\/av-abogados.es\/#website","url":"https:\/\/av-abogados.es\/","name":"AV Abogados","description":"Abogados y asesores tributarios en Marbella","potentialAction":[{"@type":"SearchAction","target":{"@type":"EntryPoint","urlTemplate":"https:\/\/av-abogados.es\/?s={search_term_string}"},"query-input":"required name=search_term_string"}],"inLanguage":"fr-FR"},{"@type":"ImageObject","inLanguage":"fr-FR","@id":"https:\/\/av-abogados.es\/fr\/droit-des-etrangers\/#primaryimage","url":"https:\/\/av-abogados.es\/wp-content\/uploads\/2019\/02\/Derecho-extranjeria.jpg","contentUrl":"https:\/\/av-abogados.es\/wp-content\/uploads\/2019\/02\/Derecho-extranjeria.jpg","width":800,"height":600},{"@type":"WebPage","@id":"https:\/\/av-abogados.es\/fr\/droit-des-etrangers\/#webpage","url":"https:\/\/av-abogados.es\/fr\/droit-des-etrangers\/","name":"Droit des \u00e9trangers - AV Abogados","isPartOf":{"@id":"https:\/\/av-abogados.es\/#website"},"primaryImageOfPage":{"@id":"https:\/\/av-abogados.es\/fr\/droit-des-etrangers\/#primaryimage"},"datePublished":"2019-09-10T12:15:37+00:00","dateModified":"2019-09-13T16:52:17+00:00","description":"Les services juridiques fournis couvrent tous les domaines du droit des \u00e9trangers, et en PARTICULIER ceux relatifs \u00e0 la r\u00e9sidence et \u00e0 la demande de naturalisation ou d\u2019acquisition de la nationalit\u00e9 du pays de r\u00e9sidence des personnes \u00e9trang\u00e8res.","breadcrumb":{"@id":"https:\/\/av-abogados.es\/fr\/droit-des-etrangers\/#breadcrumb"},"inLanguage":"fr-FR","potentialAction":[{"@type":"ReadAction","target":["https:\/\/av-abogados.es\/fr\/droit-des-etrangers\/"]}]},{"@type":"BreadcrumbList","@id":"https:\/\/av-abogados.es\/fr\/droit-des-etrangers\/#breadcrumb","itemListElement":[{"@type":"ListItem","position":1,"name":"Portada","item":"https:\/\/av-abogados.es\/fr\/"},{"@type":"ListItem","position":2,"name":"Droit des \u00e9trangers"}]}]}},"_links":{"self":[{"href":"https:\/\/av-abogados.es\/fr\/wp-json\/wp\/v2\/pages\/1029"}],"collection":[{"href":"https:\/\/av-abogados.es\/fr\/wp-json\/wp\/v2\/pages"}],"about":[{"href":"https:\/\/av-abogados.es\/fr\/wp-json\/wp\/v2\/types\/page"}],"author":[{"embeddable":true,"href":"https:\/\/av-abogados.es\/fr\/wp-json\/wp\/v2\/users\/1"}],"replies":[{"embeddable":true,"href":"https:\/\/av-abogados.es\/fr\/wp-json\/wp\/v2\/comments?post=1029"}],"version-history":[{"count":3,"href":"https:\/\/av-abogados.es\/fr\/wp-json\/wp\/v2\/pages\/1029\/revisions"}],"predecessor-version":[{"id":1183,"href":"https:\/\/av-abogados.es\/fr\/wp-json\/wp\/v2\/pages\/1029\/revisions\/1183"}],"wp:featuredmedia":[{"embeddable":true,"href":"https:\/\/av-abogados.es\/fr\/wp-json\/wp\/v2\/media\/972"}],"wp:attachment":[{"href":"https:\/\/av-abogados.es\/fr\/wp-json\/wp\/v2\/media?parent=1029"}],"curies":[{"name":"wp","href":"https:\/\/api.w.org\/{rel}","templated":true}]}}