{"id":1025,"date":"2019-09-10T14:10:57","date_gmt":"2019-09-10T12:10:57","guid":{"rendered":"http:\/\/av-abogados.es\/fr\/?page_id=1025"},"modified":"2019-09-13T18:55:28","modified_gmt":"2019-09-13T16:55:28","slug":"droit-des-entreprises-en-difficulte","status":"publish","type":"page","link":"https:\/\/av-abogados.es\/fr\/droit-des-entreprises-en-difficulte\/","title":{"rendered":"Droit des entreprises en difficult\u00e9"},"content":{"rendered":"<p>[vc_row css_animation=\u00a0\u00bb\u00a0\u00bb row_type=\u00a0\u00bbrow\u00a0\u00bb use_row_as_full_screen_section=\u00a0\u00bbno\u00a0\u00bb type=\u00a0\u00bbfull_width\u00a0\u00bb angled_section=\u00a0\u00bbno\u00a0\u00bb text_align=\u00a0\u00bbleft\u00a0\u00bb background_image_as_pattern=\u00a0\u00bbwithout_pattern\u00a0\u00bb css=\u00a0\u00bb.vc_custom_1550509729747{background-position: center !important;background-repeat: no-repeat !important;background-size: cover !important;}\u00a0\u00bb z_index=\u00a0\u00bb\u00a0\u00bb][vc_column width=\u00a0\u00bb1\/2&Prime; css=\u00a0\u00bb.vc_custom_1568393718896{padding-top: 50px !important;}\u00a0\u00bb][vc_column_text css=\u00a0\u00bb.vc_custom_1568117432222{padding-top: 50px !important;padding-left: 50px !important;}\u00a0\u00bb]<\/p>\n<h1>Droit des entreprises en difficult\u00e9<\/h1>\n<p>Les services juridiques fournis couvrent tous les domaines du droit des entreprises en difficult\u00e9 et en particulier celui relatif aux proc\u00e9dures collectives.<\/p>\n<p>&nbsp;<\/p>\n<p>Notre \u00e9quipe propose son expertise et ses services de conseil lors des proc\u00e9dures et phases suivantes : phase d\u2019ouverture des proc\u00e9dures, responsabilit\u00e9 des administrateurs, n\u00e9gociation avec les cr\u00e9anciers et mise en place d\u2019accords, assistance des administrateurs judiciaires, proc\u00e9dures de licenciement pour motif \u00e9conomique, phase de liquidation judiciaire, et reconnaissance et ex\u00e9cution des d\u00e9cisions judiciaires rendues dans les proc\u00e9dures collectives \u00e9trang\u00e8res.[\/vc_column_text][vc_row_inner row_type=\u00a0\u00bbrow\u00a0\u00bb type=\u00a0\u00bbfull_width\u00a0\u00bb text_align=\u00a0\u00bbleft\u00a0\u00bb css_animation=\u00a0\u00bb\u00a0\u00bb css=\u00a0\u00bb.vc_custom_1550510131914{padding-top: 50px !important;padding-left: 50px !important;}\u00a0\u00bb][vc_column_inner]<a  itemprop=\"url\" href=\"http:\/\/av-abogados.es\/fr\/contact\/\" target=\"_self\" data-hover-background-color=#1f1b1d data-hover-border-color=#1f1b1d data-hover-color=#ffffff class=\"qbutton  medium default\" style=\"color: #ffffff; border-color: #ec7600; font-style: normal; font-weight: 400; text-transform: uppercase; background-color: #ec7600;\">Demander plus d'informations<\/a>[\/vc_column_inner][\/vc_row_inner][vc_empty_space height=\u00a0\u00bb50&Prime;][\/vc_column][vc_column width=\u00a0\u00bb1\/2&Prime;][vc_single_image image=\u00a0\u00bb431&Prime; img_size=\u00a0\u00bbfull\u00a0\u00bb alignment=\u00a0\u00bbright\u00a0\u00bb qode_css_animation=\u00a0\u00bb\u00a0\u00bb][\/vc_column][\/vc_row]<\/p>\n","protected":false},"excerpt":{"rendered":"<p>[vc_row css_animation=\u00a0\u00bb\u00a0\u00bb row_type=\u00a0\u00bbrow\u00a0\u00bb use_row_as_full_screen_section=\u00a0\u00bbno\u00a0\u00bb type=\u00a0\u00bbfull_width\u00a0\u00bb angled_section=\u00a0\u00bbno\u00a0\u00bb text_align=\u00a0\u00bbleft\u00a0\u00bb background_image_as_pattern=\u00a0\u00bbwithout_pattern\u00a0\u00bb css=\u00a0\u00bb.vc_custom_1550509729747{background-position: center !important;background-repeat: no-repeat !important;background-size: cover !important;}\u00a0\u00bb z_index=\u00a0\u00bb\u00a0\u00bb][vc_column width=\u00a0\u00bb1\/2&Prime; css=\u00a0\u00bb.vc_custom_1568393718896{padding-top: 50px !important;}\u00a0\u00bb][vc_column_text css=\u00a0\u00bb.vc_custom_1568117432222{padding-top: 50px !important;padding-left: 50px !important;}\u00a0\u00bb] Droit des entreprises en difficult\u00e9 Les services juridiques fournis couvrent tous les domaines du droit des entreprises en difficult\u00e9 et&#8230;<\/p>\n","protected":false},"author":1,"featured_media":968,"parent":0,"menu_order":0,"comment_status":"closed","ping_status":"closed","template":"full_width.php","meta":[],"yoast_head":"<!-- This site is optimized with the Yoast SEO plugin v19.1 - https:\/\/yoast.com\/wordpress\/plugins\/seo\/ -->\n<title>Droit des entreprises en difficult\u00e9 - AV Abogados<\/title>\n<meta name=\"robots\" content=\"index, follow, max-snippet:-1, max-image-preview:large, max-video-preview:-1\" \/>\n<link rel=\"canonical\" href=\"https:\/\/av-abogados.es\/fr\/droit-des-entreprises-en-difficulte\/\" \/>\n<meta property=\"og:locale\" content=\"fr_FR\" \/>\n<meta property=\"og:type\" content=\"article\" \/>\n<meta property=\"og:title\" content=\"Droit des entreprises en difficult\u00e9 - AV Abogados\" \/>\n<meta property=\"og:description\" content=\"[vc_row css_animation=\u00a0\u00bb\u00a0\u00bb row_type=\u00a0\u00bbrow\u00a0\u00bb use_row_as_full_screen_section=\u00a0\u00bbno\u00a0\u00bb type=\u00a0\u00bbfull_width\u00a0\u00bb angled_section=\u00a0\u00bbno\u00a0\u00bb text_align=\u00a0\u00bbleft\u00a0\u00bb background_image_as_pattern=\u00a0\u00bbwithout_pattern\u00a0\u00bb css=\u00a0\u00bb.vc_custom_1550509729747{background-position: center !important;background-repeat: no-repeat !important;background-size: cover !important;}\u00a0\u00bb z_index=\u00a0\u00bb\u00a0\u00bb][vc_column width=\u00a0\u00bb1\/2&Prime; css=\u00a0\u00bb.vc_custom_1568393718896{padding-top: 50px !important;}\u00a0\u00bb][vc_column_text css=\u00a0\u00bb.vc_custom_1568117432222{padding-top: 50px !important;padding-left: 50px !important;}\u00a0\u00bb] Droit des entreprises en difficult\u00e9 Les services juridiques fournis couvrent tous les domaines du droit des entreprises en difficult\u00e9 et...\" \/>\n<meta property=\"og:url\" content=\"https:\/\/av-abogados.es\/fr\/droit-des-entreprises-en-difficulte\/\" \/>\n<meta property=\"og:site_name\" content=\"AV Abogados\" \/>\n<meta property=\"article:modified_time\" content=\"2019-09-13T16:55:28+00:00\" \/>\n<meta property=\"og:image\" content=\"https:\/\/av-abogados.es\/wp-content\/uploads\/2019\/02\/derecho-concursal.jpg\" \/>\n\t<meta property=\"og:image:width\" content=\"800\" \/>\n\t<meta property=\"og:image:height\" content=\"600\" \/>\n\t<meta property=\"og:image:type\" content=\"image\/jpeg\" \/>\n<meta name=\"twitter:card\" content=\"summary_large_image\" \/>\n<meta name=\"twitter:label1\" content=\"Dur\u00e9e de lecture estim\u00e9e\" \/>\n\t<meta name=\"twitter:data1\" content=\"1 minute\" \/>\n<script type=\"application\/ld+json\" class=\"yoast-schema-graph\">{\"@context\":\"https:\/\/schema.org\",\"@graph\":[{\"@type\":\"WebSite\",\"@id\":\"https:\/\/av-abogados.es\/#website\",\"url\":\"https:\/\/av-abogados.es\/\",\"name\":\"AV Abogados\",\"description\":\"Abogados y asesores tributarios en Marbella\",\"potentialAction\":[{\"@type\":\"SearchAction\",\"target\":{\"@type\":\"EntryPoint\",\"urlTemplate\":\"https:\/\/av-abogados.es\/?s={search_term_string}\"},\"query-input\":\"required name=search_term_string\"}],\"inLanguage\":\"fr-FR\"},{\"@type\":\"ImageObject\",\"inLanguage\":\"fr-FR\",\"@id\":\"https:\/\/av-abogados.es\/fr\/droit-des-entreprises-en-difficulte\/#primaryimage\",\"url\":\"https:\/\/av-abogados.es\/wp-content\/uploads\/2019\/02\/derecho-concursal.jpg\",\"contentUrl\":\"https:\/\/av-abogados.es\/wp-content\/uploads\/2019\/02\/derecho-concursal.jpg\",\"width\":800,\"height\":600},{\"@type\":\"WebPage\",\"@id\":\"https:\/\/av-abogados.es\/fr\/droit-des-entreprises-en-difficulte\/#webpage\",\"url\":\"https:\/\/av-abogados.es\/fr\/droit-des-entreprises-en-difficulte\/\",\"name\":\"Droit des entreprises en difficult\u00e9 - AV Abogados\",\"isPartOf\":{\"@id\":\"https:\/\/av-abogados.es\/#website\"},\"primaryImageOfPage\":{\"@id\":\"https:\/\/av-abogados.es\/fr\/droit-des-entreprises-en-difficulte\/#primaryimage\"},\"datePublished\":\"2019-09-10T12:10:57+00:00\",\"dateModified\":\"2019-09-13T16:55:28+00:00\",\"breadcrumb\":{\"@id\":\"https:\/\/av-abogados.es\/fr\/droit-des-entreprises-en-difficulte\/#breadcrumb\"},\"inLanguage\":\"fr-FR\",\"potentialAction\":[{\"@type\":\"ReadAction\",\"target\":[\"https:\/\/av-abogados.es\/fr\/droit-des-entreprises-en-difficulte\/\"]}]},{\"@type\":\"BreadcrumbList\",\"@id\":\"https:\/\/av-abogados.es\/fr\/droit-des-entreprises-en-difficulte\/#breadcrumb\",\"itemListElement\":[{\"@type\":\"ListItem\",\"position\":1,\"name\":\"Portada\",\"item\":\"https:\/\/av-abogados.es\/fr\/\"},{\"@type\":\"ListItem\",\"position\":2,\"name\":\"Droit des entreprises en difficult\u00e9\"}]}]}<\/script>\n<!-- \/ Yoast SEO plugin. -->","yoast_head_json":{"title":"Droit des entreprises en difficult\u00e9 - AV Abogados","robots":{"index":"index","follow":"follow","max-snippet":"max-snippet:-1","max-image-preview":"max-image-preview:large","max-video-preview":"max-video-preview:-1"},"canonical":"https:\/\/av-abogados.es\/fr\/droit-des-entreprises-en-difficulte\/","og_locale":"fr_FR","og_type":"article","og_title":"Droit des entreprises en difficult\u00e9 - AV Abogados","og_description":"[vc_row css_animation=\u00a0\u00bb\u00a0\u00bb row_type=\u00a0\u00bbrow\u00a0\u00bb use_row_as_full_screen_section=\u00a0\u00bbno\u00a0\u00bb type=\u00a0\u00bbfull_width\u00a0\u00bb angled_section=\u00a0\u00bbno\u00a0\u00bb text_align=\u00a0\u00bbleft\u00a0\u00bb background_image_as_pattern=\u00a0\u00bbwithout_pattern\u00a0\u00bb css=\u00a0\u00bb.vc_custom_1550509729747{background-position: center !important;background-repeat: no-repeat !important;background-size: cover !important;}\u00a0\u00bb z_index=\u00a0\u00bb\u00a0\u00bb][vc_column width=\u00a0\u00bb1\/2&Prime; css=\u00a0\u00bb.vc_custom_1568393718896{padding-top: 50px !important;}\u00a0\u00bb][vc_column_text css=\u00a0\u00bb.vc_custom_1568117432222{padding-top: 50px !important;padding-left: 50px !important;}\u00a0\u00bb] Droit des entreprises en difficult\u00e9 Les services juridiques fournis couvrent tous les domaines du droit des entreprises en difficult\u00e9 et...","og_url":"https:\/\/av-abogados.es\/fr\/droit-des-entreprises-en-difficulte\/","og_site_name":"AV Abogados","article_modified_time":"2019-09-13T16:55:28+00:00","og_image":[{"width":800,"height":600,"url":"https:\/\/av-abogados.es\/wp-content\/uploads\/2019\/02\/derecho-concursal.jpg","type":"image\/jpeg"}],"twitter_card":"summary_large_image","twitter_misc":{"Dur\u00e9e de lecture estim\u00e9e":"1 minute"},"schema":{"@context":"https:\/\/schema.org","@graph":[{"@type":"WebSite","@id":"https:\/\/av-abogados.es\/#website","url":"https:\/\/av-abogados.es\/","name":"AV Abogados","description":"Abogados y asesores tributarios en Marbella","potentialAction":[{"@type":"SearchAction","target":{"@type":"EntryPoint","urlTemplate":"https:\/\/av-abogados.es\/?s={search_term_string}"},"query-input":"required name=search_term_string"}],"inLanguage":"fr-FR"},{"@type":"ImageObject","inLanguage":"fr-FR","@id":"https:\/\/av-abogados.es\/fr\/droit-des-entreprises-en-difficulte\/#primaryimage","url":"https:\/\/av-abogados.es\/wp-content\/uploads\/2019\/02\/derecho-concursal.jpg","contentUrl":"https:\/\/av-abogados.es\/wp-content\/uploads\/2019\/02\/derecho-concursal.jpg","width":800,"height":600},{"@type":"WebPage","@id":"https:\/\/av-abogados.es\/fr\/droit-des-entreprises-en-difficulte\/#webpage","url":"https:\/\/av-abogados.es\/fr\/droit-des-entreprises-en-difficulte\/","name":"Droit des entreprises en difficult\u00e9 - AV Abogados","isPartOf":{"@id":"https:\/\/av-abogados.es\/#website"},"primaryImageOfPage":{"@id":"https:\/\/av-abogados.es\/fr\/droit-des-entreprises-en-difficulte\/#primaryimage"},"datePublished":"2019-09-10T12:10:57+00:00","dateModified":"2019-09-13T16:55:28+00:00","breadcrumb":{"@id":"https:\/\/av-abogados.es\/fr\/droit-des-entreprises-en-difficulte\/#breadcrumb"},"inLanguage":"fr-FR","potentialAction":[{"@type":"ReadAction","target":["https:\/\/av-abogados.es\/fr\/droit-des-entreprises-en-difficulte\/"]}]},{"@type":"BreadcrumbList","@id":"https:\/\/av-abogados.es\/fr\/droit-des-entreprises-en-difficulte\/#breadcrumb","itemListElement":[{"@type":"ListItem","position":1,"name":"Portada","item":"https:\/\/av-abogados.es\/fr\/"},{"@type":"ListItem","position":2,"name":"Droit des entreprises en difficult\u00e9"}]}]}},"_links":{"self":[{"href":"https:\/\/av-abogados.es\/fr\/wp-json\/wp\/v2\/pages\/1025"}],"collection":[{"href":"https:\/\/av-abogados.es\/fr\/wp-json\/wp\/v2\/pages"}],"about":[{"href":"https:\/\/av-abogados.es\/fr\/wp-json\/wp\/v2\/types\/page"}],"author":[{"embeddable":true,"href":"https:\/\/av-abogados.es\/fr\/wp-json\/wp\/v2\/users\/1"}],"replies":[{"embeddable":true,"href":"https:\/\/av-abogados.es\/fr\/wp-json\/wp\/v2\/comments?post=1025"}],"version-history":[{"count":2,"href":"https:\/\/av-abogados.es\/fr\/wp-json\/wp\/v2\/pages\/1025\/revisions"}],"predecessor-version":[{"id":1188,"href":"https:\/\/av-abogados.es\/fr\/wp-json\/wp\/v2\/pages\/1025\/revisions\/1188"}],"wp:featuredmedia":[{"embeddable":true,"href":"https:\/\/av-abogados.es\/fr\/wp-json\/wp\/v2\/media\/968"}],"wp:attachment":[{"href":"https:\/\/av-abogados.es\/fr\/wp-json\/wp\/v2\/media?parent=1025"}],"curies":[{"name":"wp","href":"https:\/\/api.w.org\/{rel}","templated":true}]}}