{"id":1005,"date":"2019-09-09T19:42:26","date_gmt":"2019-09-09T17:42:26","guid":{"rendered":"http:\/\/av-abogados.es\/fr\/?page_id=1005"},"modified":"2019-09-13T18:58:40","modified_gmt":"2019-09-13T16:58:40","slug":"propriete-industrielle-et-technologies-de-linformation","status":"publish","type":"page","link":"https:\/\/av-abogados.es\/fr\/propriete-industrielle-et-technologies-de-linformation\/","title":{"rendered":"Propri\u00e9t\u00e9 industrielle et technologies de l\u2019information"},"content":{"rendered":"<p>[vc_row css_animation=\u00a0\u00bb\u00a0\u00bb row_type=\u00a0\u00bbrow\u00a0\u00bb use_row_as_full_screen_section=\u00a0\u00bbno\u00a0\u00bb type=\u00a0\u00bbfull_width\u00a0\u00bb angled_section=\u00a0\u00bbno\u00a0\u00bb text_align=\u00a0\u00bbleft\u00a0\u00bb background_image_as_pattern=\u00a0\u00bbwithout_pattern\u00a0\u00bb css=\u00a0\u00bb.vc_custom_1568050997211{padding-bottom: 50px !important;background-position: center !important;background-repeat: no-repeat !important;background-size: cover !important;}\u00a0\u00bb z_index=\u00a0\u00bb\u00a0\u00bb][vc_column width=\u00a0\u00bb1\/2&Prime; css=\u00a0\u00bb.vc_custom_1568393910275{padding-top: 30px !important;}\u00a0\u00bb][vc_column_text css=\u00a0\u00bb.vc_custom_1568050903235{padding-top: 50px !important;padding-left: 50px !important;}\u00a0\u00bb]<\/p>\n<h1>Propri\u00e9t\u00e9 industrielle et technologies de l\u2019information<\/h1>\n<p>Les services juridiques fournis couvrent tous les domaines relatifs au droit de l\u2019arbitrage et en particulier aux domaines concernant la propri\u00e9t\u00e9 industrielle et les technologies de l\u2019information. Il assiste ses clients en mati\u00e8re d\u2019application du droit et des obligations relatifs aux contrats, et en mati\u00e8re de d\u00e9fense proc\u00e9durale (en cas de litige et d\u2019arbitrage) des clients espagnoles et \u00e9trangers:<\/p>\n<ul>\n<li>Brevets, mod\u00e8les et concept<\/li>\n<li>Signes distinctifs (marques et noms commerciaux)<\/li>\n<li>Protection des appellations d\u2019origine et des indications g\u00e9ographiques<\/li>\n<li>Concurrence d\u00e9loyale<\/li>\n<li>Protection des secrets d\u2019entreprise et des savoir-faire (know-how) en mati\u00e8re technologique.<\/li>\n<li>Transfert des actifs incorporels de l\u2019entreprise.<\/li>\n<li>Droit de l\u2019informatique<\/li>\n<li>Commerce \u00e9lectronique<\/li>\n<li>Droit de la publicit\u00e9 et contrats publicitaires<\/li>\n<li>Protection des donn\u00e9es personnelles<\/li>\n<li>Droit des franchises<\/li>\n<li>Merchandising<\/li>\n<\/ul>\n<p>[\/vc_column_text][vc_row_inner row_type=\u00a0\u00bbrow\u00a0\u00bb type=\u00a0\u00bbfull_width\u00a0\u00bb text_align=\u00a0\u00bbleft\u00a0\u00bb css_animation=\u00a0\u00bb\u00a0\u00bb css=\u00a0\u00bb.vc_custom_1551392230790{padding-top: 25px !important;padding-left: 50px !important;}\u00a0\u00bb][vc_column_inner]<a  itemprop=\"url\" href=\"http:\/\/av-abogados.es\/fr\/contact\/\" target=\"_self\" data-hover-background-color=#1f1b1d data-hover-border-color=#1f1b1d data-hover-color=#ffffff class=\"qbutton  medium default\" style=\"color: #ffffff; border-color: #ec7600; font-style: normal; font-weight: 400; text-transform: uppercase; background-color: #ec7600;\">Demander plus d'informations<\/a>[\/vc_column_inner][\/vc_row_inner][vc_empty_space height=\u00a0\u00bb50&Prime;][\/vc_column][vc_column width=\u00a0\u00bb1\/2&Prime;][vc_single_image image=\u00a0\u00bb488&Prime; img_size=\u00a0\u00bbfull\u00a0\u00bb alignment=\u00a0\u00bbright\u00a0\u00bb qode_css_animation=\u00a0\u00bb\u00a0\u00bb][\/vc_column][\/vc_row]<\/p>\n","protected":false},"excerpt":{"rendered":"<p>[vc_row css_animation=\u00a0\u00bb\u00a0\u00bb row_type=\u00a0\u00bbrow\u00a0\u00bb use_row_as_full_screen_section=\u00a0\u00bbno\u00a0\u00bb type=\u00a0\u00bbfull_width\u00a0\u00bb angled_section=\u00a0\u00bbno\u00a0\u00bb text_align=\u00a0\u00bbleft\u00a0\u00bb background_image_as_pattern=\u00a0\u00bbwithout_pattern\u00a0\u00bb css=\u00a0\u00bb.vc_custom_1568050997211{padding-bottom: 50px !important;background-position: center !important;background-repeat: no-repeat !important;background-size: cover !important;}\u00a0\u00bb z_index=\u00a0\u00bb\u00a0\u00bb][vc_column width=\u00a0\u00bb1\/2&Prime; css=\u00a0\u00bb.vc_custom_1568393910275{padding-top: 30px !important;}\u00a0\u00bb][vc_column_text css=\u00a0\u00bb.vc_custom_1568050903235{padding-top: 50px !important;padding-left: 50px !important;}\u00a0\u00bb] Propri\u00e9t\u00e9 industrielle et technologies de l\u2019information Les services juridiques fournis couvrent tous les domaines relatifs au droit de&#8230;<\/p>\n","protected":false},"author":1,"featured_media":0,"parent":0,"menu_order":0,"comment_status":"closed","ping_status":"closed","template":"full_width.php","meta":[],"yoast_head":"<!-- This site is optimized with the Yoast SEO plugin v19.1 - https:\/\/yoast.com\/wordpress\/plugins\/seo\/ -->\n<title>Propri\u00e9t\u00e9 industrielle et technologies de l\u2019information - AV Abogados<\/title>\n<meta name=\"robots\" content=\"index, follow, max-snippet:-1, max-image-preview:large, max-video-preview:-1\" \/>\n<link rel=\"canonical\" href=\"https:\/\/av-abogados.es\/fr\/propriete-industrielle-et-technologies-de-linformation\/\" \/>\n<meta property=\"og:locale\" content=\"fr_FR\" \/>\n<meta property=\"og:type\" content=\"article\" \/>\n<meta property=\"og:title\" content=\"Propri\u00e9t\u00e9 industrielle et technologies de l\u2019information - AV Abogados\" \/>\n<meta property=\"og:description\" content=\"[vc_row css_animation=\u00a0\u00bb\u00a0\u00bb row_type=\u00a0\u00bbrow\u00a0\u00bb use_row_as_full_screen_section=\u00a0\u00bbno\u00a0\u00bb type=\u00a0\u00bbfull_width\u00a0\u00bb angled_section=\u00a0\u00bbno\u00a0\u00bb text_align=\u00a0\u00bbleft\u00a0\u00bb background_image_as_pattern=\u00a0\u00bbwithout_pattern\u00a0\u00bb css=\u00a0\u00bb.vc_custom_1568050997211{padding-bottom: 50px !important;background-position: center !important;background-repeat: no-repeat !important;background-size: cover !important;}\u00a0\u00bb z_index=\u00a0\u00bb\u00a0\u00bb][vc_column width=\u00a0\u00bb1\/2&Prime; css=\u00a0\u00bb.vc_custom_1568393910275{padding-top: 30px !important;}\u00a0\u00bb][vc_column_text css=\u00a0\u00bb.vc_custom_1568050903235{padding-top: 50px !important;padding-left: 50px !important;}\u00a0\u00bb] Propri\u00e9t\u00e9 industrielle et technologies de l\u2019information Les services juridiques fournis couvrent tous les domaines relatifs au droit de...\" \/>\n<meta property=\"og:url\" content=\"https:\/\/av-abogados.es\/fr\/propriete-industrielle-et-technologies-de-linformation\/\" \/>\n<meta property=\"og:site_name\" content=\"AV Abogados\" \/>\n<meta property=\"article:modified_time\" content=\"2019-09-13T16:58:40+00:00\" \/>\n<meta name=\"twitter:card\" content=\"summary_large_image\" \/>\n<meta name=\"twitter:label1\" content=\"Dur\u00e9e de lecture estim\u00e9e\" \/>\n\t<meta name=\"twitter:data1\" content=\"2 minutes\" \/>\n<script type=\"application\/ld+json\" class=\"yoast-schema-graph\">{\"@context\":\"https:\/\/schema.org\",\"@graph\":[{\"@type\":\"WebSite\",\"@id\":\"https:\/\/av-abogados.es\/#website\",\"url\":\"https:\/\/av-abogados.es\/\",\"name\":\"AV Abogados\",\"description\":\"Abogados y asesores tributarios en Marbella\",\"potentialAction\":[{\"@type\":\"SearchAction\",\"target\":{\"@type\":\"EntryPoint\",\"urlTemplate\":\"https:\/\/av-abogados.es\/?s={search_term_string}\"},\"query-input\":\"required name=search_term_string\"}],\"inLanguage\":\"fr-FR\"},{\"@type\":\"WebPage\",\"@id\":\"https:\/\/av-abogados.es\/fr\/propriete-industrielle-et-technologies-de-linformation\/#webpage\",\"url\":\"https:\/\/av-abogados.es\/fr\/propriete-industrielle-et-technologies-de-linformation\/\",\"name\":\"Propri\u00e9t\u00e9 industrielle et technologies de l\u2019information - AV Abogados\",\"isPartOf\":{\"@id\":\"https:\/\/av-abogados.es\/#website\"},\"datePublished\":\"2019-09-09T17:42:26+00:00\",\"dateModified\":\"2019-09-13T16:58:40+00:00\",\"breadcrumb\":{\"@id\":\"https:\/\/av-abogados.es\/fr\/propriete-industrielle-et-technologies-de-linformation\/#breadcrumb\"},\"inLanguage\":\"fr-FR\",\"potentialAction\":[{\"@type\":\"ReadAction\",\"target\":[\"https:\/\/av-abogados.es\/fr\/propriete-industrielle-et-technologies-de-linformation\/\"]}]},{\"@type\":\"BreadcrumbList\",\"@id\":\"https:\/\/av-abogados.es\/fr\/propriete-industrielle-et-technologies-de-linformation\/#breadcrumb\",\"itemListElement\":[{\"@type\":\"ListItem\",\"position\":1,\"name\":\"Portada\",\"item\":\"https:\/\/av-abogados.es\/fr\/\"},{\"@type\":\"ListItem\",\"position\":2,\"name\":\"Propri\u00e9t\u00e9 industrielle et technologies de l\u2019information\"}]}]}<\/script>\n<!-- \/ Yoast SEO plugin. -->","yoast_head_json":{"title":"Propri\u00e9t\u00e9 industrielle et technologies de l\u2019information - AV Abogados","robots":{"index":"index","follow":"follow","max-snippet":"max-snippet:-1","max-image-preview":"max-image-preview:large","max-video-preview":"max-video-preview:-1"},"canonical":"https:\/\/av-abogados.es\/fr\/propriete-industrielle-et-technologies-de-linformation\/","og_locale":"fr_FR","og_type":"article","og_title":"Propri\u00e9t\u00e9 industrielle et technologies de l\u2019information - AV Abogados","og_description":"[vc_row css_animation=\u00a0\u00bb\u00a0\u00bb row_type=\u00a0\u00bbrow\u00a0\u00bb use_row_as_full_screen_section=\u00a0\u00bbno\u00a0\u00bb type=\u00a0\u00bbfull_width\u00a0\u00bb angled_section=\u00a0\u00bbno\u00a0\u00bb text_align=\u00a0\u00bbleft\u00a0\u00bb background_image_as_pattern=\u00a0\u00bbwithout_pattern\u00a0\u00bb css=\u00a0\u00bb.vc_custom_1568050997211{padding-bottom: 50px !important;background-position: center !important;background-repeat: no-repeat !important;background-size: cover !important;}\u00a0\u00bb z_index=\u00a0\u00bb\u00a0\u00bb][vc_column width=\u00a0\u00bb1\/2&Prime; css=\u00a0\u00bb.vc_custom_1568393910275{padding-top: 30px !important;}\u00a0\u00bb][vc_column_text css=\u00a0\u00bb.vc_custom_1568050903235{padding-top: 50px !important;padding-left: 50px !important;}\u00a0\u00bb] Propri\u00e9t\u00e9 industrielle et technologies de l\u2019information Les services juridiques fournis couvrent tous les domaines relatifs au droit de...","og_url":"https:\/\/av-abogados.es\/fr\/propriete-industrielle-et-technologies-de-linformation\/","og_site_name":"AV Abogados","article_modified_time":"2019-09-13T16:58:40+00:00","twitter_card":"summary_large_image","twitter_misc":{"Dur\u00e9e de lecture estim\u00e9e":"2 minutes"},"schema":{"@context":"https:\/\/schema.org","@graph":[{"@type":"WebSite","@id":"https:\/\/av-abogados.es\/#website","url":"https:\/\/av-abogados.es\/","name":"AV Abogados","description":"Abogados y asesores tributarios en Marbella","potentialAction":[{"@type":"SearchAction","target":{"@type":"EntryPoint","urlTemplate":"https:\/\/av-abogados.es\/?s={search_term_string}"},"query-input":"required name=search_term_string"}],"inLanguage":"fr-FR"},{"@type":"WebPage","@id":"https:\/\/av-abogados.es\/fr\/propriete-industrielle-et-technologies-de-linformation\/#webpage","url":"https:\/\/av-abogados.es\/fr\/propriete-industrielle-et-technologies-de-linformation\/","name":"Propri\u00e9t\u00e9 industrielle et technologies de l\u2019information - AV Abogados","isPartOf":{"@id":"https:\/\/av-abogados.es\/#website"},"datePublished":"2019-09-09T17:42:26+00:00","dateModified":"2019-09-13T16:58:40+00:00","breadcrumb":{"@id":"https:\/\/av-abogados.es\/fr\/propriete-industrielle-et-technologies-de-linformation\/#breadcrumb"},"inLanguage":"fr-FR","potentialAction":[{"@type":"ReadAction","target":["https:\/\/av-abogados.es\/fr\/propriete-industrielle-et-technologies-de-linformation\/"]}]},{"@type":"BreadcrumbList","@id":"https:\/\/av-abogados.es\/fr\/propriete-industrielle-et-technologies-de-linformation\/#breadcrumb","itemListElement":[{"@type":"ListItem","position":1,"name":"Portada","item":"https:\/\/av-abogados.es\/fr\/"},{"@type":"ListItem","position":2,"name":"Propri\u00e9t\u00e9 industrielle et technologies de l\u2019information"}]}]}},"_links":{"self":[{"href":"https:\/\/av-abogados.es\/fr\/wp-json\/wp\/v2\/pages\/1005"}],"collection":[{"href":"https:\/\/av-abogados.es\/fr\/wp-json\/wp\/v2\/pages"}],"about":[{"href":"https:\/\/av-abogados.es\/fr\/wp-json\/wp\/v2\/types\/page"}],"author":[{"embeddable":true,"href":"https:\/\/av-abogados.es\/fr\/wp-json\/wp\/v2\/users\/1"}],"replies":[{"embeddable":true,"href":"https:\/\/av-abogados.es\/fr\/wp-json\/wp\/v2\/comments?post=1005"}],"version-history":[{"count":3,"href":"https:\/\/av-abogados.es\/fr\/wp-json\/wp\/v2\/pages\/1005\/revisions"}],"predecessor-version":[{"id":1192,"href":"https:\/\/av-abogados.es\/fr\/wp-json\/wp\/v2\/pages\/1005\/revisions\/1192"}],"wp:attachment":[{"href":"https:\/\/av-abogados.es\/fr\/wp-json\/wp\/v2\/media?parent=1005"}],"curies":[{"name":"wp","href":"https:\/\/api.w.org\/{rel}","templated":true}]}}